{"id":9082,"date":"2023-02-01T11:54:05","date_gmt":"2023-02-01T10:54:05","guid":{"rendered":"https:\/\/www.geklab.com\/prodotto\/glyco\/"},"modified":"2025-03-19T17:36:04","modified_gmt":"2025-03-19T16:36:04","slug":"glyco","status":"publish","type":"product","link":"https:\/\/www.geklab.com\/es\/producto\/glyco\/","title":{"rendered":"Glyco Medical Program"},"content":{"rendered":"<div style=\"height:1px\" aria-hidden=\"true\" class=\"wp-block-spacer\"><\/div>","protected":false},"excerpt":{"rendered":"<p><strong>Glyco Medical Program<\/strong>\u00a0te ayuda a entender si est\u00e1s consumiendo demasiados az\u00facares midiendo la inflamaci\u00f3n de tu cuerpo e interpretando la posible predisposici\u00f3n gen\u00e9tica al desarrollo de diabetes, obesidad y esteatosis hep\u00e1tica. Los m\u00e9dicos y especialistas de GEK Lab, expertos en medicina de precisi\u00f3n, <strong>evaluar\u00e1n tu nivel de glicaci\u00f3n y sugerir\u00e1n un camino alimenticio e integrativo adecuado a tus necesidades.<\/strong><\/p>\n<p><strong><a href=\"https:\/\/www.geklab.com\/es\/glyco-test\/\">Descubre m\u00e1s\u00a0&gt;&gt;<\/a><\/strong><\/p>\n","protected":false},"featured_media":19864,"template":"","meta":{"_uag_custom_page_level_css":""},"product_brand":[],"product_cat":[106],"product_tag":[],"class_list":{"0":"post-9082","1":"product","2":"type-product","3":"status-publish","4":"has-post-thumbnail","6":"product_cat-test-es","8":"first","9":"instock","10":"purchasable","11":"product-type-simple"},"featured_image_urls":{"full":["https:\/\/www.geklab.com\/wp-content\/uploads\/2025\/02\/goccia-glyco.png",881,1102,false],"thumbnail":["https:\/\/www.geklab.com\/wp-content\/uploads\/2025\/02\/goccia-glyco-150x150.png",150,150,true],"medium":["https:\/\/www.geklab.com\/wp-content\/uploads\/2025\/02\/goccia-glyco-240x300.png",240,300,true],"medium_large":["https:\/\/www.geklab.com\/wp-content\/uploads\/2025\/02\/goccia-glyco-768x961.png",768,961,true],"large":["https:\/\/www.geklab.com\/wp-content\/uploads\/2025\/02\/goccia-glyco-819x1024.png",819,1024,true],"1536x1536":["https:\/\/www.geklab.com\/wp-content\/uploads\/2025\/02\/goccia-glyco.png",881,1102,false],"2048x2048":["https:\/\/www.geklab.com\/wp-content\/uploads\/2025\/02\/goccia-glyco.png",881,1102,false],"xs-thumb":["https:\/\/www.geklab.com\/wp-content\/uploads\/2025\/02\/goccia-glyco-64x64.png",64,64,true],"woocommerce_archive_thumbnail":["https:\/\/www.geklab.com\/wp-content\/uploads\/2025\/02\/goccia-glyco-300x400.png",300,400,true],"woocommerce_thumbnail":["https:\/\/www.geklab.com\/wp-content\/uploads\/2025\/02\/goccia-glyco-300x400.png",300,400,true],"woocommerce_single":["https:\/\/www.geklab.com\/wp-content\/uploads\/2025\/02\/goccia-glyco-600x751.png",600,751,true],"woocommerce_gallery_thumbnail":["https:\/\/www.geklab.com\/wp-content\/uploads\/2025\/02\/goccia-glyco-64x64.png",50,50,true]},"post_excerpt_stackable":"<p><strong>Glyco Medical Program<\/strong>\u00a0te ayuda a entender si est\u00e1s consumiendo demasiados az\u00facares midiendo la inflamaci\u00f3n de tu cuerpo e interpretando la posible predisposici\u00f3n gen\u00e9tica al desarrollo de diabetes, obesidad y esteatosis hep\u00e1tica. Los m\u00e9dicos y especialistas de GEK Lab, expertos en medicina de precisi\u00f3n, <strong>evaluar\u00e1n tu nivel de glicaci\u00f3n y sugerir\u00e1n un camino alimenticio e integrativo adecuado a tus necesidades.<\/strong><\/p>\n<p><strong><a href=\"https:\/\/www.geklab.com\/es\/glyco-test\/\">Descubre m\u00e1s\u00a0&gt;&gt;<\/a><\/strong><\/p>\n","category_list":"","author_info":{"name":"","url":""},"comments_num":"0 comments","yoast_head":"<!-- This site is optimized with the Yoast SEO plugin v21.7 - https:\/\/yoast.com\/wordpress\/plugins\/seo\/ -->\n<title>Glyco Medical Program - GEK Lab<\/title>\n<meta name=\"robots\" content=\"index, follow, max-snippet:-1, max-image-preview:large, max-video-preview:-1\" \/>\n<link rel=\"canonical\" href=\"https:\/\/www.geklab.com\/es\/product\/glyco\/\" \/>\n<meta property=\"og:locale\" content=\"es_ES\" \/>\n<meta property=\"og:type\" content=\"article\" \/>\n<meta property=\"og:title\" content=\"Glyco Medical Program - GEK Lab\" \/>\n<meta property=\"og:description\" content=\"Glyco Medical Program\u00a0te ayuda a entender si est\u00e1s consumiendo demasiados az\u00facares midiendo la inflamaci\u00f3n de tu cuerpo e interpretando la posible predisposici\u00f3n gen\u00e9tica al desarrollo de diabetes, obesidad y esteatosis hep\u00e1tica. Los m\u00e9dicos y especialistas de GEK Lab, expertos en medicina de precisi\u00f3n, evaluar\u00e1n tu nivel de glicaci\u00f3n y sugerir\u00e1n un camino alimenticio e integrativo adecuado a tus necesidades. Descubre m\u00e1s\u00a0&gt;&gt;\" \/>\n<meta property=\"og:url\" content=\"https:\/\/www.geklab.com\/es\/product\/glyco\/\" \/>\n<meta property=\"og:site_name\" content=\"GEK Lab\" \/>\n<meta property=\"article:publisher\" content=\"https:\/\/www.facebook.com\/geklab.official\" \/>\n<meta property=\"article:modified_time\" content=\"2025-03-19T16:36:04+00:00\" \/>\n<meta property=\"og:image\" content=\"https:\/\/www.geklab.com\/wp-content\/uploads\/2025\/02\/goccia-glyco.png\" \/>\n\t<meta property=\"og:image:width\" content=\"881\" \/>\n\t<meta property=\"og:image:height\" content=\"1102\" \/>\n\t<meta property=\"og:image:type\" content=\"image\/png\" \/>\n<meta name=\"twitter:card\" content=\"summary_large_image\" \/>\n<meta name=\"twitter:label1\" content=\"Est. reading time\" \/>\n\t<meta name=\"twitter:data1\" content=\"1 minute\" \/>\n<script type=\"application\/ld+json\" class=\"yoast-schema-graph\">{\"@context\":\"https:\/\/schema.org\",\"@graph\":[{\"@type\":\"WebPage\",\"@id\":\"https:\/\/www.geklab.com\/es\/product\/glyco\/\",\"url\":\"https:\/\/www.geklab.com\/es\/product\/glyco\/\",\"name\":\"Glyco Medical Program - GEK Lab\",\"isPartOf\":{\"@id\":\"https:\/\/www.geklab.com\/#website\"},\"datePublished\":\"2023-02-01T10:54:05+00:00\",\"dateModified\":\"2025-03-19T16:36:04+00:00\",\"breadcrumb\":{\"@id\":\"https:\/\/www.geklab.com\/es\/product\/glyco\/#breadcrumb\"},\"inLanguage\":\"es-ES\",\"potentialAction\":[{\"@type\":\"ReadAction\",\"target\":[\"https:\/\/www.geklab.com\/es\/product\/glyco\/\"]}]},{\"@type\":\"BreadcrumbList\",\"@id\":\"https:\/\/www.geklab.com\/es\/product\/glyco\/#breadcrumb\",\"itemListElement\":[{\"@type\":\"ListItem\",\"position\":1,\"name\":\"Home\",\"item\":\"https:\/\/www.geklab.com\/es\/\"},{\"@type\":\"ListItem\",\"position\":2,\"name\":\"Tienda\",\"item\":\"https:\/\/www.geklab.com\/negozio\/\"},{\"@type\":\"ListItem\",\"position\":3,\"name\":\"Glyco Medical Program\"}]},{\"@type\":\"WebSite\",\"@id\":\"https:\/\/www.geklab.com\/#website\",\"url\":\"https:\/\/www.geklab.com\/\",\"name\":\"GEK Lab\",\"description\":\"Science of Nutrition\",\"publisher\":{\"@id\":\"https:\/\/www.geklab.com\/#organization\"},\"potentialAction\":[{\"@type\":\"SearchAction\",\"target\":{\"@type\":\"EntryPoint\",\"urlTemplate\":\"https:\/\/www.geklab.com\/?s={search_term_string}\"},\"query-input\":\"required name=search_term_string\"}],\"inLanguage\":\"es-ES\"},{\"@type\":\"Organization\",\"@id\":\"https:\/\/www.geklab.com\/#organization\",\"name\":\"GEK Lab\",\"url\":\"https:\/\/www.geklab.com\/\",\"logo\":{\"@type\":\"ImageObject\",\"inLanguage\":\"es-ES\",\"@id\":\"https:\/\/www.geklab.com\/#\/schema\/logo\/image\/\",\"url\":\"https:\/\/www.geklab.com\/wp-content\/uploads\/2025\/03\/gek-vertical.jpg\",\"contentUrl\":\"https:\/\/www.geklab.com\/wp-content\/uploads\/2025\/03\/gek-vertical.jpg\",\"width\":696,\"height\":696,\"caption\":\"GEK Lab\"},\"image\":{\"@id\":\"https:\/\/www.geklab.com\/#\/schema\/logo\/image\/\"},\"sameAs\":[\"https:\/\/www.facebook.com\/geklab.official\",\"https:\/\/www.instagram.com\/geklab.official\/\",\"https:\/\/www.linkedin.com\/company\/gek-srl\/\"]}]}<\/script>\n<!-- \/ Yoast SEO plugin. -->","yoast_head_json":{"title":"Glyco Medical Program - GEK Lab","robots":{"index":"index","follow":"follow","max-snippet":"max-snippet:-1","max-image-preview":"max-image-preview:large","max-video-preview":"max-video-preview:-1"},"canonical":"https:\/\/www.geklab.com\/es\/product\/glyco\/","og_locale":"es_ES","og_type":"article","og_title":"Glyco Medical Program - GEK Lab","og_description":"Glyco Medical Program\u00a0te ayuda a entender si est\u00e1s consumiendo demasiados az\u00facares midiendo la inflamaci\u00f3n de tu cuerpo e interpretando la posible predisposici\u00f3n gen\u00e9tica al desarrollo de diabetes, obesidad y esteatosis hep\u00e1tica. Los m\u00e9dicos y especialistas de GEK Lab, expertos en medicina de precisi\u00f3n, evaluar\u00e1n tu nivel de glicaci\u00f3n y sugerir\u00e1n un camino alimenticio e integrativo adecuado a tus necesidades. Descubre m\u00e1s\u00a0&gt;&gt;","og_url":"https:\/\/www.geklab.com\/es\/product\/glyco\/","og_site_name":"GEK Lab","article_publisher":"https:\/\/www.facebook.com\/geklab.official","article_modified_time":"2025-03-19T16:36:04+00:00","og_image":[{"width":881,"height":1102,"url":"https:\/\/www.geklab.com\/wp-content\/uploads\/2025\/02\/goccia-glyco.png","type":"image\/png"}],"twitter_card":"summary_large_image","twitter_misc":{"Est. reading time":"1 minute"},"schema":{"@context":"https:\/\/schema.org","@graph":[{"@type":"WebPage","@id":"https:\/\/www.geklab.com\/es\/product\/glyco\/","url":"https:\/\/www.geklab.com\/es\/product\/glyco\/","name":"Glyco Medical Program - GEK Lab","isPartOf":{"@id":"https:\/\/www.geklab.com\/#website"},"datePublished":"2023-02-01T10:54:05+00:00","dateModified":"2025-03-19T16:36:04+00:00","breadcrumb":{"@id":"https:\/\/www.geklab.com\/es\/product\/glyco\/#breadcrumb"},"inLanguage":"es-ES","potentialAction":[{"@type":"ReadAction","target":["https:\/\/www.geklab.com\/es\/product\/glyco\/"]}]},{"@type":"BreadcrumbList","@id":"https:\/\/www.geklab.com\/es\/product\/glyco\/#breadcrumb","itemListElement":[{"@type":"ListItem","position":1,"name":"Home","item":"https:\/\/www.geklab.com\/es\/"},{"@type":"ListItem","position":2,"name":"Tienda","item":"https:\/\/www.geklab.com\/negozio\/"},{"@type":"ListItem","position":3,"name":"Glyco Medical Program"}]},{"@type":"WebSite","@id":"https:\/\/www.geklab.com\/#website","url":"https:\/\/www.geklab.com\/","name":"GEK Lab","description":"Science of Nutrition","publisher":{"@id":"https:\/\/www.geklab.com\/#organization"},"potentialAction":[{"@type":"SearchAction","target":{"@type":"EntryPoint","urlTemplate":"https:\/\/www.geklab.com\/?s={search_term_string}"},"query-input":"required name=search_term_string"}],"inLanguage":"es-ES"},{"@type":"Organization","@id":"https:\/\/www.geklab.com\/#organization","name":"GEK Lab","url":"https:\/\/www.geklab.com\/","logo":{"@type":"ImageObject","inLanguage":"es-ES","@id":"https:\/\/www.geklab.com\/#\/schema\/logo\/image\/","url":"https:\/\/www.geklab.com\/wp-content\/uploads\/2025\/03\/gek-vertical.jpg","contentUrl":"https:\/\/www.geklab.com\/wp-content\/uploads\/2025\/03\/gek-vertical.jpg","width":696,"height":696,"caption":"GEK Lab"},"image":{"@id":"https:\/\/www.geklab.com\/#\/schema\/logo\/image\/"},"sameAs":["https:\/\/www.facebook.com\/geklab.official","https:\/\/www.instagram.com\/geklab.official\/","https:\/\/www.linkedin.com\/company\/gek-srl\/"]}]}},"uagb_featured_image_src":{"full":["https:\/\/www.geklab.com\/wp-content\/uploads\/2025\/02\/goccia-glyco.png",881,1102,false],"thumbnail":["https:\/\/www.geklab.com\/wp-content\/uploads\/2025\/02\/goccia-glyco-150x150.png",150,150,true],"medium":["https:\/\/www.geklab.com\/wp-content\/uploads\/2025\/02\/goccia-glyco-240x300.png",240,300,true],"medium_large":["https:\/\/www.geklab.com\/wp-content\/uploads\/2025\/02\/goccia-glyco-768x961.png",768,961,true],"large":["https:\/\/www.geklab.com\/wp-content\/uploads\/2025\/02\/goccia-glyco-819x1024.png",819,1024,true],"1536x1536":["https:\/\/www.geklab.com\/wp-content\/uploads\/2025\/02\/goccia-glyco.png",881,1102,false],"2048x2048":["https:\/\/www.geklab.com\/wp-content\/uploads\/2025\/02\/goccia-glyco.png",881,1102,false],"xs-thumb":["https:\/\/www.geklab.com\/wp-content\/uploads\/2025\/02\/goccia-glyco-64x64.png",64,64,true],"woocommerce_archive_thumbnail":["https:\/\/www.geklab.com\/wp-content\/uploads\/2025\/02\/goccia-glyco-300x400.png",300,400,true],"woocommerce_thumbnail":["https:\/\/www.geklab.com\/wp-content\/uploads\/2025\/02\/goccia-glyco-300x400.png",300,400,true],"woocommerce_single":["https:\/\/www.geklab.com\/wp-content\/uploads\/2025\/02\/goccia-glyco-600x751.png",600,751,true],"woocommerce_gallery_thumbnail":["https:\/\/www.geklab.com\/wp-content\/uploads\/2025\/02\/goccia-glyco-64x64.png",50,50,true]},"uagb_author_info":{"display_name":"admin","author_link":"https:\/\/www.geklab.com\/es\/author\/"},"uagb_comment_info":0,"uagb_excerpt":"Glyco Medical Program\u00a0te ayuda a entender si est\u00e1s consumiendo demasiados az\u00facares midiendo la inflamaci\u00f3n de tu cuerpo e interpretando la posible predisposici\u00f3n gen\u00e9tica al desarrollo de diabetes, obesidad y esteatosis hep\u00e1tica. Los m\u00e9dicos y especialistas de GEK Lab, expertos en medicina de precisi\u00f3n, evaluar\u00e1n tu nivel de glicaci\u00f3n y sugerir\u00e1n un camino alimenticio e integrativo&hellip;","_links":{"self":[{"href":"https:\/\/www.geklab.com\/es\/wp-json\/wp\/v2\/product\/9082","targetHints":{"allow":["GET"]}}],"collection":[{"href":"https:\/\/www.geklab.com\/es\/wp-json\/wp\/v2\/product"}],"about":[{"href":"https:\/\/www.geklab.com\/es\/wp-json\/wp\/v2\/types\/product"}],"wp:featuredmedia":[{"embeddable":true,"href":"https:\/\/www.geklab.com\/es\/wp-json\/wp\/v2\/media\/19864"}],"wp:attachment":[{"href":"https:\/\/www.geklab.com\/es\/wp-json\/wp\/v2\/media?parent=9082"}],"wp:term":[{"taxonomy":"product_brand","embeddable":true,"href":"https:\/\/www.geklab.com\/es\/wp-json\/wp\/v2\/product_brand?post=9082"},{"taxonomy":"product_cat","embeddable":true,"href":"https:\/\/www.geklab.com\/es\/wp-json\/wp\/v2\/product_cat?post=9082"},{"taxonomy":"product_tag","embeddable":true,"href":"https:\/\/www.geklab.com\/es\/wp-json\/wp\/v2\/product_tag?post=9082"}],"curies":[{"name":"wp","href":"https:\/\/api.w.org\/{rel}","templated":true}]}}