{"id":9077,"date":"2023-02-01T11:58:01","date_gmt":"2023-02-01T10:58:01","guid":{"rendered":"https:\/\/www.geklab.com\/prodotto\/perme-test-screening\/"},"modified":"2023-04-05T10:40:31","modified_gmt":"2023-04-05T09:40:31","slug":"perme-test-screening","status":"publish","type":"product","link":"https:\/\/www.geklab.com\/es\/producto\/perme-test-screening\/","title":{"rendered":"PerM\u00e8 Screening Test"},"content":{"rendered":"<div style=\"height:1px\" aria-hidden=\"true\" class=\"wp-block-spacer\"><\/div>","protected":false},"excerpt":{"rendered":"<p>Los <strong>Screening<\/strong> son informes m\u00e9dicos que permiten realizar una <strong>primera evaluaci\u00f3n de base del nivel inflamatorio<\/strong> potencialmente relacionado con la alimentaci\u00f3n y un an\u00e1lisis gen\u00e9tico de las predisposiciones a las principales enfermedades metab\u00f3licas, cr\u00f3nicas degenerativas y autoinmunitarias.<\/p>\n<p>Esta primera evaluaci\u00f3n es \u00fatil para guiar las siguientes investigaciones diagn\u00f3sticas.<\/p>\n<p><strong><a href=\"https:\/\/www.geklab.com\/es\/screening\/\">Descubre m\u00e1s &gt;&gt;<\/a><\/strong><\/p>\n","protected":false},"featured_media":7956,"template":"","meta":{"_uag_custom_page_level_css":""},"product_brand":[],"product_cat":[106],"product_tag":[],"class_list":{"0":"post-9077","1":"product","2":"type-product","3":"status-publish","4":"has-post-thumbnail","6":"product_cat-test-es","8":"first","9":"instock","10":"purchasable","11":"product-type-simple"},"featured_image_urls":{"full":["https:\/\/www.geklab.com\/wp-content\/uploads\/2022\/12\/goccia-screening.png",881,1102,false],"thumbnail":["https:\/\/www.geklab.com\/wp-content\/uploads\/2022\/12\/goccia-screening-150x150.png",150,150,true],"medium":["https:\/\/www.geklab.com\/wp-content\/uploads\/2022\/12\/goccia-screening-240x300.png",240,300,true],"medium_large":["https:\/\/www.geklab.com\/wp-content\/uploads\/2022\/12\/goccia-screening-768x961.png",768,961,true],"large":["https:\/\/www.geklab.com\/wp-content\/uploads\/2022\/12\/goccia-screening-819x1024.png",819,1024,true],"1536x1536":["https:\/\/www.geklab.com\/wp-content\/uploads\/2022\/12\/goccia-screening.png",881,1102,false],"2048x2048":["https:\/\/www.geklab.com\/wp-content\/uploads\/2022\/12\/goccia-screening.png",881,1102,false],"xs-thumb":["https:\/\/www.geklab.com\/wp-content\/uploads\/2022\/12\/goccia-screening.png",51,64,false],"woocommerce_archive_thumbnail":["https:\/\/www.geklab.com\/wp-content\/uploads\/2022\/12\/goccia-screening-300x400.png",300,400,true],"woocommerce_thumbnail":["https:\/\/www.geklab.com\/wp-content\/uploads\/2022\/12\/goccia-screening-300x400.png",300,400,true],"woocommerce_single":["https:\/\/www.geklab.com\/wp-content\/uploads\/2022\/12\/goccia-screening-600x751.png",600,751,true],"woocommerce_gallery_thumbnail":["https:\/\/www.geklab.com\/wp-content\/uploads\/2022\/12\/goccia-screening-100x100.png",50,50,true]},"post_excerpt_stackable":"<p>Los <strong>Screening<\/strong> son informes m\u00e9dicos que permiten realizar una <strong>primera evaluaci\u00f3n de base del nivel inflamatorio<\/strong> potencialmente relacionado con la alimentaci\u00f3n y un an\u00e1lisis gen\u00e9tico de las predisposiciones a las principales enfermedades metab\u00f3licas, cr\u00f3nicas degenerativas y autoinmunitarias.<\/p>\n<p>Esta primera evaluaci\u00f3n es \u00fatil para guiar las siguientes investigaciones diagn\u00f3sticas.<\/p>\n<p><strong><a href=\"https:\/\/www.geklab.com\/es\/screening\/\">Descubre m\u00e1s &gt;&gt;<\/a><\/strong><\/p>\n","category_list":"","author_info":{"name":"","url":""},"comments_num":"0 comments","yoast_head":"<!-- This site is optimized with the Yoast SEO plugin v21.7 - https:\/\/yoast.com\/wordpress\/plugins\/seo\/ -->\n<title>PerM\u00e8 Screening Test - GEK Lab<\/title>\n<meta name=\"robots\" content=\"index, follow, max-snippet:-1, max-image-preview:large, max-video-preview:-1\" \/>\n<link rel=\"canonical\" href=\"https:\/\/www.geklab.com\/es\/product\/perme-test-screening\/\" \/>\n<meta property=\"og:locale\" content=\"es_ES\" \/>\n<meta property=\"og:type\" content=\"article\" \/>\n<meta property=\"og:title\" content=\"PerM\u00e8 Screening Test - GEK Lab\" \/>\n<meta property=\"og:description\" content=\"Los Screening son informes m\u00e9dicos que permiten realizar una primera evaluaci\u00f3n de base del nivel inflamatorio potencialmente relacionado con la alimentaci\u00f3n y un an\u00e1lisis gen\u00e9tico de las predisposiciones a las principales enfermedades metab\u00f3licas, cr\u00f3nicas degenerativas y autoinmunitarias. Esta primera evaluaci\u00f3n es \u00fatil para guiar las siguientes investigaciones diagn\u00f3sticas. Descubre m\u00e1s &gt;&gt;\" \/>\n<meta property=\"og:url\" content=\"https:\/\/www.geklab.com\/es\/product\/perme-test-screening\/\" \/>\n<meta property=\"og:site_name\" content=\"GEK Lab\" \/>\n<meta property=\"article:publisher\" content=\"https:\/\/www.facebook.com\/geklab.official\" \/>\n<meta property=\"article:modified_time\" content=\"2023-04-05T09:40:31+00:00\" \/>\n<meta property=\"og:image\" content=\"https:\/\/www.geklab.com\/wp-content\/uploads\/2022\/12\/goccia-screening.png\" \/>\n\t<meta property=\"og:image:width\" content=\"881\" \/>\n\t<meta property=\"og:image:height\" content=\"1102\" \/>\n\t<meta property=\"og:image:type\" content=\"image\/png\" \/>\n<meta name=\"twitter:card\" content=\"summary_large_image\" \/>\n<script type=\"application\/ld+json\" class=\"yoast-schema-graph\">{\"@context\":\"https:\/\/schema.org\",\"@graph\":[{\"@type\":\"WebPage\",\"@id\":\"https:\/\/www.geklab.com\/es\/product\/perme-test-screening\/\",\"url\":\"https:\/\/www.geklab.com\/es\/product\/perme-test-screening\/\",\"name\":\"PerM\u00e8 Screening Test - GEK Lab\",\"isPartOf\":{\"@id\":\"https:\/\/www.geklab.com\/#website\"},\"datePublished\":\"2023-02-01T10:58:01+00:00\",\"dateModified\":\"2023-04-05T09:40:31+00:00\",\"breadcrumb\":{\"@id\":\"https:\/\/www.geklab.com\/es\/product\/perme-test-screening\/#breadcrumb\"},\"inLanguage\":\"es-ES\",\"potentialAction\":[{\"@type\":\"ReadAction\",\"target\":[\"https:\/\/www.geklab.com\/es\/product\/perme-test-screening\/\"]}]},{\"@type\":\"BreadcrumbList\",\"@id\":\"https:\/\/www.geklab.com\/es\/product\/perme-test-screening\/#breadcrumb\",\"itemListElement\":[{\"@type\":\"ListItem\",\"position\":1,\"name\":\"Home\",\"item\":\"https:\/\/www.geklab.com\/es\/\"},{\"@type\":\"ListItem\",\"position\":2,\"name\":\"Tienda\",\"item\":\"https:\/\/www.geklab.com\/negozio\/\"},{\"@type\":\"ListItem\",\"position\":3,\"name\":\"PerM\u00e8 Screening Test\"}]},{\"@type\":\"WebSite\",\"@id\":\"https:\/\/www.geklab.com\/#website\",\"url\":\"https:\/\/www.geklab.com\/\",\"name\":\"GEK Lab\",\"description\":\"Science of Nutrition\",\"publisher\":{\"@id\":\"https:\/\/www.geklab.com\/#organization\"},\"potentialAction\":[{\"@type\":\"SearchAction\",\"target\":{\"@type\":\"EntryPoint\",\"urlTemplate\":\"https:\/\/www.geklab.com\/?s={search_term_string}\"},\"query-input\":\"required name=search_term_string\"}],\"inLanguage\":\"es-ES\"},{\"@type\":\"Organization\",\"@id\":\"https:\/\/www.geklab.com\/#organization\",\"name\":\"GEK Lab\",\"url\":\"https:\/\/www.geklab.com\/\",\"logo\":{\"@type\":\"ImageObject\",\"inLanguage\":\"es-ES\",\"@id\":\"https:\/\/www.geklab.com\/#\/schema\/logo\/image\/\",\"url\":\"https:\/\/www.geklab.com\/wp-content\/uploads\/2025\/03\/gek-vertical.jpg\",\"contentUrl\":\"https:\/\/www.geklab.com\/wp-content\/uploads\/2025\/03\/gek-vertical.jpg\",\"width\":696,\"height\":696,\"caption\":\"GEK Lab\"},\"image\":{\"@id\":\"https:\/\/www.geklab.com\/#\/schema\/logo\/image\/\"},\"sameAs\":[\"https:\/\/www.facebook.com\/geklab.official\",\"https:\/\/www.instagram.com\/geklab.official\/\",\"https:\/\/www.linkedin.com\/company\/gek-srl\/\"]}]}<\/script>\n<!-- \/ Yoast SEO plugin. -->","yoast_head_json":{"title":"PerM\u00e8 Screening Test - GEK Lab","robots":{"index":"index","follow":"follow","max-snippet":"max-snippet:-1","max-image-preview":"max-image-preview:large","max-video-preview":"max-video-preview:-1"},"canonical":"https:\/\/www.geklab.com\/es\/product\/perme-test-screening\/","og_locale":"es_ES","og_type":"article","og_title":"PerM\u00e8 Screening Test - GEK Lab","og_description":"Los Screening son informes m\u00e9dicos que permiten realizar una primera evaluaci\u00f3n de base del nivel inflamatorio potencialmente relacionado con la alimentaci\u00f3n y un an\u00e1lisis gen\u00e9tico de las predisposiciones a las principales enfermedades metab\u00f3licas, cr\u00f3nicas degenerativas y autoinmunitarias. Esta primera evaluaci\u00f3n es \u00fatil para guiar las siguientes investigaciones diagn\u00f3sticas. Descubre m\u00e1s &gt;&gt;","og_url":"https:\/\/www.geklab.com\/es\/product\/perme-test-screening\/","og_site_name":"GEK Lab","article_publisher":"https:\/\/www.facebook.com\/geklab.official","article_modified_time":"2023-04-05T09:40:31+00:00","og_image":[{"width":881,"height":1102,"url":"https:\/\/www.geklab.com\/wp-content\/uploads\/2022\/12\/goccia-screening.png","type":"image\/png"}],"twitter_card":"summary_large_image","schema":{"@context":"https:\/\/schema.org","@graph":[{"@type":"WebPage","@id":"https:\/\/www.geklab.com\/es\/product\/perme-test-screening\/","url":"https:\/\/www.geklab.com\/es\/product\/perme-test-screening\/","name":"PerM\u00e8 Screening Test - GEK Lab","isPartOf":{"@id":"https:\/\/www.geklab.com\/#website"},"datePublished":"2023-02-01T10:58:01+00:00","dateModified":"2023-04-05T09:40:31+00:00","breadcrumb":{"@id":"https:\/\/www.geklab.com\/es\/product\/perme-test-screening\/#breadcrumb"},"inLanguage":"es-ES","potentialAction":[{"@type":"ReadAction","target":["https:\/\/www.geklab.com\/es\/product\/perme-test-screening\/"]}]},{"@type":"BreadcrumbList","@id":"https:\/\/www.geklab.com\/es\/product\/perme-test-screening\/#breadcrumb","itemListElement":[{"@type":"ListItem","position":1,"name":"Home","item":"https:\/\/www.geklab.com\/es\/"},{"@type":"ListItem","position":2,"name":"Tienda","item":"https:\/\/www.geklab.com\/negozio\/"},{"@type":"ListItem","position":3,"name":"PerM\u00e8 Screening Test"}]},{"@type":"WebSite","@id":"https:\/\/www.geklab.com\/#website","url":"https:\/\/www.geklab.com\/","name":"GEK Lab","description":"Science of Nutrition","publisher":{"@id":"https:\/\/www.geklab.com\/#organization"},"potentialAction":[{"@type":"SearchAction","target":{"@type":"EntryPoint","urlTemplate":"https:\/\/www.geklab.com\/?s={search_term_string}"},"query-input":"required name=search_term_string"}],"inLanguage":"es-ES"},{"@type":"Organization","@id":"https:\/\/www.geklab.com\/#organization","name":"GEK Lab","url":"https:\/\/www.geklab.com\/","logo":{"@type":"ImageObject","inLanguage":"es-ES","@id":"https:\/\/www.geklab.com\/#\/schema\/logo\/image\/","url":"https:\/\/www.geklab.com\/wp-content\/uploads\/2025\/03\/gek-vertical.jpg","contentUrl":"https:\/\/www.geklab.com\/wp-content\/uploads\/2025\/03\/gek-vertical.jpg","width":696,"height":696,"caption":"GEK Lab"},"image":{"@id":"https:\/\/www.geklab.com\/#\/schema\/logo\/image\/"},"sameAs":["https:\/\/www.facebook.com\/geklab.official","https:\/\/www.instagram.com\/geklab.official\/","https:\/\/www.linkedin.com\/company\/gek-srl\/"]}]}},"uagb_featured_image_src":{"full":["https:\/\/www.geklab.com\/wp-content\/uploads\/2022\/12\/goccia-screening.png",881,1102,false],"thumbnail":["https:\/\/www.geklab.com\/wp-content\/uploads\/2022\/12\/goccia-screening-150x150.png",150,150,true],"medium":["https:\/\/www.geklab.com\/wp-content\/uploads\/2022\/12\/goccia-screening-240x300.png",240,300,true],"medium_large":["https:\/\/www.geklab.com\/wp-content\/uploads\/2022\/12\/goccia-screening-768x961.png",768,961,true],"large":["https:\/\/www.geklab.com\/wp-content\/uploads\/2022\/12\/goccia-screening-819x1024.png",819,1024,true],"1536x1536":["https:\/\/www.geklab.com\/wp-content\/uploads\/2022\/12\/goccia-screening.png",881,1102,false],"2048x2048":["https:\/\/www.geklab.com\/wp-content\/uploads\/2022\/12\/goccia-screening.png",881,1102,false],"xs-thumb":["https:\/\/www.geklab.com\/wp-content\/uploads\/2022\/12\/goccia-screening.png",51,64,false],"woocommerce_archive_thumbnail":["https:\/\/www.geklab.com\/wp-content\/uploads\/2022\/12\/goccia-screening-300x400.png",300,400,true],"woocommerce_thumbnail":["https:\/\/www.geklab.com\/wp-content\/uploads\/2022\/12\/goccia-screening-300x400.png",300,400,true],"woocommerce_single":["https:\/\/www.geklab.com\/wp-content\/uploads\/2022\/12\/goccia-screening-600x751.png",600,751,true],"woocommerce_gallery_thumbnail":["https:\/\/www.geklab.com\/wp-content\/uploads\/2022\/12\/goccia-screening-100x100.png",50,50,true]},"uagb_author_info":{"display_name":"Giorgia Garotta","author_link":"https:\/\/www.geklab.com\/es\/author\/"},"uagb_comment_info":0,"uagb_excerpt":"Los Screening son informes m\u00e9dicos que permiten realizar una primera evaluaci\u00f3n de base del nivel inflamatorio potencialmente relacionado con la alimentaci\u00f3n y un an\u00e1lisis gen\u00e9tico de las predisposiciones a las principales enfermedades metab\u00f3licas, cr\u00f3nicas degenerativas y autoinmunitarias. Esta primera evaluaci\u00f3n es \u00fatil para guiar las siguientes investigaciones diagn\u00f3sticas. Descubre m\u00e1s &gt;&gt;","_links":{"self":[{"href":"https:\/\/www.geklab.com\/es\/wp-json\/wp\/v2\/product\/9077","targetHints":{"allow":["GET"]}}],"collection":[{"href":"https:\/\/www.geklab.com\/es\/wp-json\/wp\/v2\/product"}],"about":[{"href":"https:\/\/www.geklab.com\/es\/wp-json\/wp\/v2\/types\/product"}],"wp:featuredmedia":[{"embeddable":true,"href":"https:\/\/www.geklab.com\/es\/wp-json\/wp\/v2\/media\/7956"}],"wp:attachment":[{"href":"https:\/\/www.geklab.com\/es\/wp-json\/wp\/v2\/media?parent=9077"}],"wp:term":[{"taxonomy":"product_brand","embeddable":true,"href":"https:\/\/www.geklab.com\/es\/wp-json\/wp\/v2\/product_brand?post=9077"},{"taxonomy":"product_cat","embeddable":true,"href":"https:\/\/www.geklab.com\/es\/wp-json\/wp\/v2\/product_cat?post=9077"},{"taxonomy":"product_tag","embeddable":true,"href":"https:\/\/www.geklab.com\/es\/wp-json\/wp\/v2\/product_tag?post=9077"}],"curies":[{"name":"wp","href":"https:\/\/api.w.org\/{rel}","templated":true}]}}