{"id":8928,"date":"2022-08-08T10:51:43","date_gmt":"2022-08-08T09:51:43","guid":{"rendered":"https:\/\/www.geklab.com\/contatti\/"},"modified":"2024-10-16T15:10:21","modified_gmt":"2024-10-16T14:10:21","slug":"contactos","status":"publish","type":"page","link":"https:\/\/www.geklab.com\/es\/contactos\/","title":{"rendered":"Contactos"},"content":{"rendered":"<style>.kb-row-layout-id8928_067f44-dc > .kt-row-column-wrap{align-content:start;}:where(.kb-row-layout-id8928_067f44-dc > .kt-row-column-wrap) > .wp-block-kadence-column{justify-content:start;}.kb-row-layout-id8928_067f44-dc > .kt-row-column-wrap{column-gap:var(--global-kb-gap-md, 2rem);row-gap:var(--global-kb-gap-md, 2rem);padding-top:0px;padding-bottom:0px;grid-template-columns:minmax(0, 1fr);}.kb-row-layout-id8928_067f44-dc > .kt-row-layout-overlay{opacity:0.30;}@media all and (max-width: 1024px){.kb-row-layout-id8928_067f44-dc > .kt-row-column-wrap{grid-template-columns:minmax(0, 1fr);}}@media all and (max-width: 767px){.kb-row-layout-id8928_067f44-dc > .kt-row-column-wrap{grid-template-columns:minmax(0, 1fr);}}<\/style><div class=\"kb-row-layout-wrap kb-row-layout-id8928_067f44-dc alignnone wp-block-kadence-rowlayout\"><div class=\"kt-row-column-wrap kt-has-1-columns kt-row-layout-equal kt-tab-layout-inherit kt-mobile-layout-row kt-row-valign-top\">\n<style>.kadence-column8928_ddf279-06 > .kt-inside-inner-col,.kadence-column8928_ddf279-06 > .kt-inside-inner-col:before{border-top-left-radius:0px;border-top-right-radius:0px;border-bottom-right-radius:0px;border-bottom-left-radius:0px;}.kadence-column8928_ddf279-06 > .kt-inside-inner-col:before{opacity:0.3;}.kadence-column8928_ddf279-06{position:relative;}<\/style>\n<div class=\"wp-block-kadence-column kadence-column8928_ddf279-06 inner-column-1\"><div class=\"kt-inside-inner-col\"><h1 class=\"wp-block-heading has-text-align-center\">L\u00ednea directa con GEK<\/h1>\n\n<p class=\"has-text-align-center\">Gracias por tu inter\u00e9s en GEK Lab: para cualquier pregunta, puedes ponerte en contacto con nosotros de inmediato a trav\u00e9s de WhatsApp<\/p><\/div><\/div>\n<\/div><\/div><div class=\"wp-block-stackable-button-group aligncenter stk-block-button-group stk-block stk-c853084\" data-block-id=\"c853084\"><style>.stk-c853084{padding-top:20px !important;margin-bottom:50px !important}<\/style><div class=\"stk-row stk-inner-blocks has-text-align-center stk-block-content stk-button-group\"><div class=\"wp-block-stackable-button stk-block-button stk-block stk-cfc5463\" data-block-id=\"cfc5463\"><style>.stk-cfc5463 .stk-button{padding-right:28px !important;padding-left:28px !important;background:#00bb2d !important;border-radius:50px !important}.stk-cfc5463 .stk-button .stk--inner-svg svg:last-child{height:30px !important;width:30px !important}.stk-cfc5463 .stk-button__inner-text{font-size:18px !important;font-family:\"Open Sans\",Sans-serif !important}@media screen and (max-width:1023px){.stk-cfc5463 .stk-button__inner-text{font-size:18px !important}}<\/style><a class=\"stk-link stk-button stk--hover-effect-darken\" href=\"https:\/\/api.whatsapp.com\/send?phone=3783039511\" target=\"_blank\" rel=\"noreferrer noopener\"><span class=\"stk--svg-wrapper\"><div class=\"stk--inner-svg\"><svg aria-hidden=\"true\" focusable=\"false\" data-prefix=\"fab\" data-icon=\"whatsapp\" class=\"svg-inline--fa fa-whatsapp fa-w-14\" xmlns=\"http:\/\/www.w3.org\/2000\/svg\" viewBox=\"0 0 448 512\" width=\"32\" height=\"32\"><path fill=\"currentColor\" d=\"M380.9 97.1C339 55.1 283.2 32 223.9 32c-122.4 0-222 99.6-222 222 0 39.1 10.2 77.3 29.6 111L0 480l117.7-30.9c32.4 17.7 68.9 27 106.1 27h.1c122.3 0 224.1-99.6 224.1-222 0-59.3-25.2-115-67.1-157zm-157 341.6c-33.2 0-65.7-8.9-94-25.7l-6.7-4-69.8 18.3L72 359.2l-4.4-7c-18.5-29.4-28.2-63.3-28.2-98.2 0-101.7 82.8-184.5 184.6-184.5 49.3 0 95.6 19.2 130.4 54.1 34.8 34.9 56.2 81.2 56.1 130.5 0 101.8-84.9 184.6-186.6 184.6zm101.2-138.2c-5.5-2.8-32.8-16.2-37.9-18-5.1-1.9-8.8-2.8-12.5 2.8-3.7 5.6-14.3 18-17.6 21.8-3.2 3.7-6.5 4.2-12 1.4-32.6-16.3-54-29.1-75.5-66-5.7-9.8 5.7-9.1 16.3-30.3 1.8-3.7.9-6.9-.5-9.7-1.4-2.8-12.5-30.1-17.1-41.2-4.5-10.8-9.1-9.3-12.5-9.5-3.2-.2-6.9-.2-10.6-.2-3.7 0-9.7 1.4-14.8 6.9-5.1 5.6-19.4 19-19.4 46.3 0 27.3 19.9 53.7 22.6 57.4 2.8 3.7 39.1 59.7 94.8 83.8 35.2 15.2 49 16.5 66.6 13.9 10.7-1.6 32.8-13.4 37.4-26.4 4.6-13 4.6-24.1 3.2-26.4-1.3-2.5-5-3.9-10.5-6.6z\"><\/path><\/svg><\/div><\/span><span class=\"stk-button__inner-text\"><strong>Cont\u00e1ctanos por WhatsApp<\/strong><\/span><\/a><\/div><\/div><\/div><p class=\"has-text-align-center\"><meta charset=\"utf-8\">\u00a1O tambi\u00e9n puedes utilizar el siguiente formulario! \u00a1Te responderemos en muy poco tiempo!<\/p><style>.kadence-column8928_afdab7-c6 > .kt-inside-inner-col,.kadence-column8928_afdab7-c6 > .kt-inside-inner-col:before{border-top-left-radius:37px;border-top-right-radius:37px;border-bottom-right-radius:37px;border-bottom-left-radius:37px;}.kadence-column8928_afdab7-c6 > .kt-inside-inner-col{background-color:rgba(234, 234, 234, 0);}.kadence-column8928_afdab7-c6 > .kt-inside-inner-col:before{opacity:0.3;}.kadence-column8928_afdab7-c6{position:relative;}<\/style>\n<div class=\"wp-block-kadence-column kadence-column8928_afdab7-c6\"><div class=\"kt-inside-inner-col\"><div id=\"zf_div_qEYSdrDizDWDOV56GGyyHJkOmAuKXpZHLCVBMY7CvcM\"><\/div><script type=\"text\/javascript\">(function() {\ntry{\nvar f = document.createElement(\"iframe\");\nf.src = 'https:\/\/forms.zohopublic.eu\/geklab\/form\/ContattiGEKLab\/formperma\/qEYSdrDizDWDOV56GGyyHJkOmAuKXpZHLCVBMY7CvcM?zf_lang=es&zf_rszfm=1';\nf.style.border=\"none\";\nf.style.height=\"664px\";\nf.style.width=\"100%\";\nf.style.transition=\"all 0.5s ease\";\nf.setAttribute(\"aria-label\", 'Contatti\\x20GEK\\x20Lab');\n\nvar d = document.getElementById(\"zf_div_qEYSdrDizDWDOV56GGyyHJkOmAuKXpZHLCVBMY7CvcM\");\nd.appendChild(f);\nwindow.addEventListener('message', function (){\nvar evntData = event.data;\nif( evntData && evntData.constructor == String ){\nvar zf_ifrm_data = evntData.split(\"|\");\nif ( zf_ifrm_data.length == 2 || zf_ifrm_data.length == 3 ) {\nvar zf_perma = zf_ifrm_data[0];\nvar zf_ifrm_ht_nw = ( parseInt(zf_ifrm_data[1], 10) + 15 ) + \"px\";\nvar iframe = document.getElementById(\"zf_div_qEYSdrDizDWDOV56GGyyHJkOmAuKXpZHLCVBMY7CvcM\").getElementsByTagName(\"iframe\")[0];\nif ( (iframe.src).indexOf('formperma') > 0 && (iframe.src).indexOf(zf_perma) > 0 ) {\nvar prevIframeHeight = iframe.style.height;\nvar zf_tout = false;\nif( zf_ifrm_data.length == 3 ) {\niframe.scrollIntoView();\nzf_tout = true;\n}\nif ( prevIframeHeight != zf_ifrm_ht_nw ) {\nif( zf_tout ) {\nsetTimeout(function(){\niframe.style.height = zf_ifrm_ht_nw;\n},500);\n} else {\niframe.style.height = zf_ifrm_ht_nw;\n}\n}\n}\n}\n}\n}, false);\n}catch(e){}\n})();<\/script><\/div><\/div>","protected":false},"excerpt":{"rendered":"<p>L\u00ednea directa con GEK Gracias por tu inter\u00e9s en GEK Lab: para cualquier pregunta, puedes ponerte en contacto con nosotros de inmediato a trav\u00e9s de WhatsApp Cont\u00e1ctanos por WhatsApp \u00a1O tambi\u00e9n puedes utilizar el siguiente formulario! \u00a1Te responderemos en muy poco tiempo!<\/p>\n","protected":false},"author":1,"featured_media":0,"parent":0,"menu_order":0,"comment_status":"closed","ping_status":"closed","template":"","meta":{"_uag_custom_page_level_css":"","footnotes":""},"class_list":["post-8928","page","type-page","status-publish","hentry"],"blocksy_meta":{"styles_descriptor":{"styles":{"desktop":"","tablet":"","mobile":""},"google_fonts":[],"version":6}},"featured_image_urls":{"full":"","thumbnail":"","medium":"","medium_large":"","large":"","1536x1536":"","2048x2048":"","xs-thumb":"","woocommerce_archive_thumbnail":"","woocommerce_thumbnail":"","woocommerce_single":"","woocommerce_gallery_thumbnail":""},"post_excerpt_stackable":"<p>L\u00ednea directa con GEK Gracias por tu inter\u00e9s en GEK Lab: para cualquier pregunta, puedes ponerte en contacto con nosotros de inmediato a trav\u00e9s de WhatsApp Cont\u00e1ctanos por WhatsApp\u00a1O tambi\u00e9n puedes utilizar el siguiente formulario! \u00a1Te responderemos en muy poco tiempo!<\/p>\n","category_list":"","author_info":{"name":"admin","url":"https:\/\/www.geklab.com\/es\/author\/admin\/"},"comments_num":"0 comments","yoast_head":"<!-- This site is optimized with the Yoast SEO plugin v21.7 - https:\/\/yoast.com\/wordpress\/plugins\/seo\/ -->\n<title>Contactos - GEK Lab<\/title>\n<meta name=\"robots\" content=\"index, follow, max-snippet:-1, max-image-preview:large, max-video-preview:-1\" \/>\n<link rel=\"canonical\" href=\"https:\/\/www.geklab.com\/es\/contactos\/\" \/>\n<meta property=\"og:locale\" content=\"es_ES\" \/>\n<meta property=\"og:type\" content=\"article\" \/>\n<meta property=\"og:title\" content=\"Contactos - GEK Lab\" \/>\n<meta property=\"og:description\" content=\"L\u00ednea directa con GEK Gracias por tu inter\u00e9s en GEK Lab: para cualquier pregunta, puedes ponerte en contacto con nosotros de inmediato a trav\u00e9s de WhatsApp Cont\u00e1ctanos por WhatsApp \u00a1O tambi\u00e9n puedes utilizar el siguiente formulario! \u00a1Te responderemos en muy poco tiempo!\" \/>\n<meta property=\"og:url\" content=\"https:\/\/www.geklab.com\/es\/contactos\/\" \/>\n<meta property=\"og:site_name\" content=\"GEK Lab\" \/>\n<meta property=\"article:publisher\" content=\"https:\/\/www.facebook.com\/geklab.official\" \/>\n<meta property=\"article:modified_time\" content=\"2024-10-16T14:10:21+00:00\" \/>\n<meta property=\"og:image\" content=\"https:\/\/www.geklab.com\/wp-content\/uploads\/2022\/11\/logo-gek.png\" \/>\n\t<meta property=\"og:image:width\" content=\"563\" \/>\n\t<meta property=\"og:image:height\" content=\"140\" \/>\n\t<meta property=\"og:image:type\" content=\"image\/png\" \/>\n<meta name=\"twitter:card\" content=\"summary_large_image\" \/>\n<meta name=\"twitter:label1\" content=\"Est. reading time\" \/>\n\t<meta name=\"twitter:data1\" content=\"1 minute\" \/>\n<script type=\"application\/ld+json\" class=\"yoast-schema-graph\">{\"@context\":\"https:\/\/schema.org\",\"@graph\":[{\"@type\":\"WebPage\",\"@id\":\"https:\/\/www.geklab.com\/es\/contactos\/\",\"url\":\"https:\/\/www.geklab.com\/es\/contactos\/\",\"name\":\"Contactos - GEK Lab\",\"isPartOf\":{\"@id\":\"https:\/\/www.geklab.com\/#website\"},\"datePublished\":\"2022-08-08T09:51:43+00:00\",\"dateModified\":\"2024-10-16T14:10:21+00:00\",\"breadcrumb\":{\"@id\":\"https:\/\/www.geklab.com\/es\/contactos\/#breadcrumb\"},\"inLanguage\":\"es-ES\",\"potentialAction\":[{\"@type\":\"ReadAction\",\"target\":[\"https:\/\/www.geklab.com\/es\/contactos\/\"]}]},{\"@type\":\"BreadcrumbList\",\"@id\":\"https:\/\/www.geklab.com\/es\/contactos\/#breadcrumb\",\"itemListElement\":[{\"@type\":\"ListItem\",\"position\":1,\"name\":\"Home\",\"item\":\"https:\/\/www.geklab.com\/es\/\"},{\"@type\":\"ListItem\",\"position\":2,\"name\":\"Contactos\"}]},{\"@type\":\"WebSite\",\"@id\":\"https:\/\/www.geklab.com\/#website\",\"url\":\"https:\/\/www.geklab.com\/\",\"name\":\"GEK Lab\",\"description\":\"Science of Nutrition\",\"publisher\":{\"@id\":\"https:\/\/www.geklab.com\/#organization\"},\"potentialAction\":[{\"@type\":\"SearchAction\",\"target\":{\"@type\":\"EntryPoint\",\"urlTemplate\":\"https:\/\/www.geklab.com\/?s={search_term_string}\"},\"query-input\":\"required name=search_term_string\"}],\"inLanguage\":\"es-ES\"},{\"@type\":\"Organization\",\"@id\":\"https:\/\/www.geklab.com\/#organization\",\"name\":\"GEK Lab\",\"url\":\"https:\/\/www.geklab.com\/\",\"logo\":{\"@type\":\"ImageObject\",\"inLanguage\":\"es-ES\",\"@id\":\"https:\/\/www.geklab.com\/#\/schema\/logo\/image\/\",\"url\":\"https:\/\/www.geklab.com\/wp-content\/uploads\/2025\/03\/gek-vertical.jpg\",\"contentUrl\":\"https:\/\/www.geklab.com\/wp-content\/uploads\/2025\/03\/gek-vertical.jpg\",\"width\":696,\"height\":696,\"caption\":\"GEK Lab\"},\"image\":{\"@id\":\"https:\/\/www.geklab.com\/#\/schema\/logo\/image\/\"},\"sameAs\":[\"https:\/\/www.facebook.com\/geklab.official\",\"https:\/\/www.instagram.com\/geklab.official\/\",\"https:\/\/www.linkedin.com\/company\/gek-srl\/\"]}]}<\/script>\n<!-- \/ Yoast SEO plugin. -->","yoast_head_json":{"title":"Contactos - GEK Lab","robots":{"index":"index","follow":"follow","max-snippet":"max-snippet:-1","max-image-preview":"max-image-preview:large","max-video-preview":"max-video-preview:-1"},"canonical":"https:\/\/www.geklab.com\/es\/contactos\/","og_locale":"es_ES","og_type":"article","og_title":"Contactos - GEK Lab","og_description":"L\u00ednea directa con GEK Gracias por tu inter\u00e9s en GEK Lab: para cualquier pregunta, puedes ponerte en contacto con nosotros de inmediato a trav\u00e9s de WhatsApp Cont\u00e1ctanos por WhatsApp \u00a1O tambi\u00e9n puedes utilizar el siguiente formulario! \u00a1Te responderemos en muy poco tiempo!","og_url":"https:\/\/www.geklab.com\/es\/contactos\/","og_site_name":"GEK Lab","article_publisher":"https:\/\/www.facebook.com\/geklab.official","article_modified_time":"2024-10-16T14:10:21+00:00","og_image":[{"width":563,"height":140,"url":"https:\/\/www.geklab.com\/wp-content\/uploads\/2022\/11\/logo-gek.png","type":"image\/png"}],"twitter_card":"summary_large_image","twitter_misc":{"Est. reading time":"1 minute"},"schema":{"@context":"https:\/\/schema.org","@graph":[{"@type":"WebPage","@id":"https:\/\/www.geklab.com\/es\/contactos\/","url":"https:\/\/www.geklab.com\/es\/contactos\/","name":"Contactos - GEK Lab","isPartOf":{"@id":"https:\/\/www.geklab.com\/#website"},"datePublished":"2022-08-08T09:51:43+00:00","dateModified":"2024-10-16T14:10:21+00:00","breadcrumb":{"@id":"https:\/\/www.geklab.com\/es\/contactos\/#breadcrumb"},"inLanguage":"es-ES","potentialAction":[{"@type":"ReadAction","target":["https:\/\/www.geklab.com\/es\/contactos\/"]}]},{"@type":"BreadcrumbList","@id":"https:\/\/www.geklab.com\/es\/contactos\/#breadcrumb","itemListElement":[{"@type":"ListItem","position":1,"name":"Home","item":"https:\/\/www.geklab.com\/es\/"},{"@type":"ListItem","position":2,"name":"Contactos"}]},{"@type":"WebSite","@id":"https:\/\/www.geklab.com\/#website","url":"https:\/\/www.geklab.com\/","name":"GEK Lab","description":"Science of Nutrition","publisher":{"@id":"https:\/\/www.geklab.com\/#organization"},"potentialAction":[{"@type":"SearchAction","target":{"@type":"EntryPoint","urlTemplate":"https:\/\/www.geklab.com\/?s={search_term_string}"},"query-input":"required name=search_term_string"}],"inLanguage":"es-ES"},{"@type":"Organization","@id":"https:\/\/www.geklab.com\/#organization","name":"GEK Lab","url":"https:\/\/www.geklab.com\/","logo":{"@type":"ImageObject","inLanguage":"es-ES","@id":"https:\/\/www.geklab.com\/#\/schema\/logo\/image\/","url":"https:\/\/www.geklab.com\/wp-content\/uploads\/2025\/03\/gek-vertical.jpg","contentUrl":"https:\/\/www.geklab.com\/wp-content\/uploads\/2025\/03\/gek-vertical.jpg","width":696,"height":696,"caption":"GEK Lab"},"image":{"@id":"https:\/\/www.geklab.com\/#\/schema\/logo\/image\/"},"sameAs":["https:\/\/www.facebook.com\/geklab.official","https:\/\/www.instagram.com\/geklab.official\/","https:\/\/www.linkedin.com\/company\/gek-srl\/"]}]}},"uagb_featured_image_src":{"full":false,"thumbnail":false,"medium":false,"medium_large":false,"large":false,"1536x1536":false,"2048x2048":false,"xs-thumb":false,"woocommerce_archive_thumbnail":false,"woocommerce_thumbnail":false,"woocommerce_single":false,"woocommerce_gallery_thumbnail":false},"uagb_author_info":{"display_name":"admin","author_link":"https:\/\/www.geklab.com\/es\/author\/admin\/"},"uagb_comment_info":0,"uagb_excerpt":"L\u00ednea directa con GEK Gracias por tu inter\u00e9s en GEK Lab: para cualquier pregunta, puedes ponerte en contacto con nosotros de inmediato a trav\u00e9s de WhatsApp Cont\u00e1ctanos por WhatsApp \u00a1O tambi\u00e9n puedes utilizar el siguiente formulario! \u00a1Te responderemos en muy poco tiempo!","_links":{"self":[{"href":"https:\/\/www.geklab.com\/es\/wp-json\/wp\/v2\/pages\/8928","targetHints":{"allow":["GET"]}}],"collection":[{"href":"https:\/\/www.geklab.com\/es\/wp-json\/wp\/v2\/pages"}],"about":[{"href":"https:\/\/www.geklab.com\/es\/wp-json\/wp\/v2\/types\/page"}],"author":[{"embeddable":true,"href":"https:\/\/www.geklab.com\/es\/wp-json\/wp\/v2\/users\/1"}],"replies":[{"embeddable":true,"href":"https:\/\/www.geklab.com\/es\/wp-json\/wp\/v2\/comments?post=8928"}],"version-history":[{"count":4,"href":"https:\/\/www.geklab.com\/es\/wp-json\/wp\/v2\/pages\/8928\/revisions"}],"predecessor-version":[{"id":18656,"href":"https:\/\/www.geklab.com\/es\/wp-json\/wp\/v2\/pages\/8928\/revisions\/18656"}],"wp:attachment":[{"href":"https:\/\/www.geklab.com\/es\/wp-json\/wp\/v2\/media?parent=8928"}],"curies":[{"name":"wp","href":"https:\/\/api.w.org\/{rel}","templated":true}]}}