{"id":709,"date":"2020-04-10T11:57:08","date_gmt":"2020-04-10T10:57:08","guid":{"rendered":"https:\/\/www.geklab.com\/?page_id=709"},"modified":"2023-04-05T13:32:58","modified_gmt":"2023-04-05T12:32:58","slug":"cookie-policy-2","status":"publish","type":"page","link":"https:\/\/www.geklab.com\/es\/cookie-policy-2\/","title":{"rendered":"Cookie Policy ES"},"content":{"rendered":"<p>Estimado Usuario,<br>Seg\u00fan el art. 13 Reglamento UE n. 2016\/679 (desde ahora, \u201cGDPR\u201d), Le informamos que el tratamiento de los datos que Usted proporcion\u00f3 ser\u00e1 efectuado con modalidades y procedimientos finalizados a garantizar que el tratamiento de los datos personales se desarrolle en el respeto de los derechos y de las libertades fundamentales, adem\u00e1s de la dignidad del interesado, con especial atenci\u00f3n a la privacidad y seguridad, a la identidad personal y al derecho a la protecci\u00f3n de datos personales. Recordamos que con el termino tratamiento se entiende cualquier operaci\u00f3n o conjunto de operaciones, cumplidas con o sin el auxilio de procesos automatizados y aplicados a datos personales o conjunto de datos personales, como la recogida, la registraci\u00f3n, la organizaci\u00f3n, la estructuraci\u00f3n, la conservaci\u00f3n, la adaptaci\u00f3n o la modificaci\u00f3n, la extracci\u00f3n, la consultaci\u00f3n, el uso, la comunicaci\u00f3n mediante transmisi\u00f3n, difusi\u00f3n o cualquier otra forma de puesta a disposici\u00f3n, la confrontaci\u00f3n o la interconexi\u00f3n, la limitaci\u00f3n, la cancelaci\u00f3n o la destrucci\u00f3n (art. 4 GDPR).<\/p><p><strong>\u00bfQu\u00e9 son los cookies?<br><\/strong>Los cookies son peque\u00f1os archivos de texto enviados al usuario desde la p\u00e1gina web visitada.<br>Se memorizan en el disco duro del ordenador, de este modo permite a la p\u00e1gina web de reconocer los usuarios y memorizar determinadas informaciones sobre ellos, con el fin de permitir o mejorar el servicio ofertado.<br>Existen diferentes tipolog\u00edas de cookies. Algunos son necesarios para poder navegar en la p\u00e1gina web, otros tiene fines distintos como garantizar la seguridad interna, administrar el sistema, efectuar an\u00e1lisis estad\u00edsticos, comprender cuales son las partes de la p\u00e1gina que tienen mayor inter\u00e9s por parte de los usuarios o ofertar una visita personalizada de la p\u00e1gina.<br>La p\u00e1gina web utiliza cookies t\u00e9cnicos y no de perfilado. Cuanto dicho hasta ahora se refiere tanto al ordenador del usuario como a cualquier otro dispositivo que el usuario pueda usar para conectarse a la p\u00e1gina web.&nbsp;<\/p><p><strong>Cookies t\u00e9cnicos<br><\/strong>Los cookies t\u00e9cnicos son aquellos utilizados solamente con el fin de efectuar la transmisi\u00f3n de una comunicaci\u00f3n sobre una red de comunicaci\u00f3n electr\u00f3nica, o en la medida estrictamente necesaria al proveedor de un servicio de la sociedad de la informaci\u00f3n expl\u00edcitamente requerido por el suscrito o por el usuario de tal servicio.<br>Pueden ser divididos en cookies de navegaci\u00f3n o de sesi\u00f3n, que garantizan la normal navegaci\u00f3n y uso de la p\u00e1gina web (permitiendo, por ejemplo, de realizar una compra o autentificarse para acceder a \u00e1reas reservadas); cookies analytics, asimilados a los cookies t\u00e9cnicos donde estos son utilizados directamente por el gestor de la p\u00e1gina web para recoger informaci\u00f3n, de modo agregado, sobre el n\u00famero de usuarios y sobre c\u00f3mo estos visitan la p\u00e1gina; cookies de funcionalidad, que permiten al usuario la navegaci\u00f3n en funci\u00f3n de una serie de criterios seleccionados (por ejemplo, el idioma, los productos seleccionados para la compra) al fin de mejorar el servicio prestado al mismo.<\/p><p><strong>Cookies de perfilado<br><\/strong>Los cookies de perfilado son dedicados a crear perfiles relativos al usuario y se utilizan al fin de enviar mensajes publicitarios en l\u00ednea con las preferencias manifestadas del mismo en el \u00e1mbito de la navegaci\u00f3n.<br>Para el uso de cookies de perfilado se requiere el consentimiento del interesado. Seg\u00fan la medida n. 229 del 8 de Mayo 2014 el usuario tiene que poder autorizar o negar el consentimiento a la instalaci\u00f3n de los cookies de perfilado en el caso que estos est\u00e9n presentes.<br>En caso de cookies de terceras partes, la p\u00e1gina no tiene un control directo de cada cookie y no puede controlarlos (no puede ni instalarlos directamente ni cancelarlos). Es posible de todos modos gestionar estos cookies a trav\u00e9s de las impostaciones del browser (sigue las instrucciones que encontraras m\u00e1s adelante), o las p\u00e1ginas indicadas en la secci\u00f3n \u201cGesti\u00f3n de los cookies\u201d.<br>La desactivaci\u00f3n de los cookies podr\u00eda limitar la posibilidad de usar la p\u00e1gina e impedir de beneficiarse en pleno de las funciones y de servicios presentes en la p\u00e1gina. Para decidir cuales aceptar y cuales rechazar, seguir\u00e1 una descripci\u00f3n de los cookies usados en la p\u00e1gina web.<\/p><p><strong>Tipolog\u00edas de cookies utilizados&nbsp;<br><\/strong><em>Cookies de primera parte<\/em><br>Cookies de primera parte (\u00f3sea los cookies que pertenecen a la p\u00e1gina del editor que los ha creados) est\u00e1n configurados por la p\u00e1gina web visitada por el usuario, cuya direcci\u00f3n aparece en la ventana URL. El uso de estos cookies nos permite hacer funcionar la p\u00e1gina de modo eficiente y de marcar los modelos de comportamiento de los visitantes.<\/p><p><em>Cookies de terceros<br><\/em>Los cookies de terceros est\u00e1n configurados por un dominio diferente de aquello visitado por el usuario. Si un usuario visita una p\u00e1gina web y una sociedad diferente env\u00eda la informaci\u00f3n usando esa p\u00e1gina, estamos en presencia de cookies de terceras partes.<\/p><p><em>Cookies de sesi\u00f3n<br><\/em>Los c.d. \u2018cookies d sesi\u00f3n\u2019 est\u00e1n memorizados temporalmente y se cancelan cuando el usuario cierra el browser. Si el usuario se registra en la p\u00e1gina, puede usar cookies que recogen datos personales con el fin de identificar el usuario en ocasi\u00f3n de visitas sucesivas y de facilitar el acceso \u2013 log\u00edn a la p\u00e1gina web (por ejemplo conservando nombre de usuario y contrase\u00f1a del usuario) y la navegaci\u00f3n en la misma.&nbsp;<br>Adem\u00e1s Gek S.r.l. utiliza cookies para finalidades de administraci\u00f3n del sistema. La p\u00e1gina podr\u00eda contener enlaces a otras p\u00e1ginas. Gek S.r.l. no tiene alg\u00fan acceso o control sobre cookies, web bacon y otras tecnolog\u00edas de rastreo usadas en terceras p\u00e1ginas web a las que el usuario puede acceder a trav\u00e9s de la p\u00e1gina web, sobre disponibilidad, cualquier contenido y material que est\u00e9 publicado o obtenido a trav\u00e9s de tales p\u00e1ginas y sobre las modalidades relativas al tratamiento de los datos personales; Gek S.r.l. a este prop\u00f3sito, considerada la cantidad de estas p\u00e1ginas de terceros, declina expresadamente cada responsabilidad relativa a dichas p\u00e1ginas.<\/p><p>El usuario deber\u00eda verificar la pol\u00edtica de privacidad de las p\u00e1ginas de terceros a las que accede por la p\u00e1gina para conocer las condiciones aplicables al tratamiento de los datos personales porqu\u00e9 la Pol\u00edtica de Privacidad de Gek S.r.l. se aplica solo a su p\u00e1ginas como descrito arriba.<\/p><p><em>Cookies persistentes<br><\/em>Los cookies persistentes est\u00e1n memorizados sobre el dispositivo de los usuarios entre las sesiones del browser, consintiendo recordar las preferencias o las acciones del usuario en una p\u00e1gina. Pueden ser usados por diferentes prop\u00f3sitos, por ejemplo para recordar las preferencias y las elecciones cuando se utiliza la p\u00e1gina web.<\/p><p><em>Cookies esenciales<br><\/em>Estos cookies son estrictamente necesarios para el funcionamiento de la p\u00e1gina web. Sin el uso de tales cookies algunas partes de la p\u00e1gina web no funcionar\u00edan. Comprenden, por ejemplo, los cookies que permiten acceder en \u00e1reas protegidas de la p\u00e1gina web. Estos cookies no recogen informaci\u00f3n con prop\u00f3sitos de marketing y no pueden ser desactivados.<\/p><p><em>Cookies funcionales<br><\/em>Estos cookies sirven a reconocer un usuario que vuelve a visitar la p\u00e1gina web. Permiten de personalizar los contenidos y recordar las preferencias (por ejemplo, el idioma seleccionado o la regi\u00f3n). Estos cookies no recogen informaciones que pueden identificar el usuario. Todas las informaciones recogidas son an\u00f3nimas.<\/p><p><em>Cookies de compartici\u00f3n en las RRSS<br><\/em>Estos cookies facilitan el intercambio de los contenidos de la p\u00e1gina a trav\u00e9s de las redes sociales como Facebook, Twitter y Linkedin. Para tener visi\u00f3n de las respectivas pol\u00edticas de privacidad y cookies es posible visitar las p\u00e1ginas web de las redes sociales.<\/p><p>En el caso de Facebook, Twitter y Linkedin, el usuario puede visitar&nbsp;<br><\/p><ul class=\"wp-block-list\"><li>https:\/\/www.facebook.com\/help\/cookies<\/li>\n\n<li>https:\/\/twitter.com\/it\/privacy<\/li>\n\n<li><a href=\"https:\/\/www.linkedin.com\/legal\/cookie-policy\">https:\/\/www.linkedin.com\/legal\/cookie-policy<\/a><\/li><\/ul><p><strong>Cookies instalados en esta p\u00e1gina&nbsp;<br><\/strong>Se indica aqu\u00ed la lista de los principales cookies usados en la p\u00e1gina web y relativas descripciones y funcionalidades, inclusa la duraci\u00f3n temporal.<\/p><figure class=\"wp-block-table\"><table><tbody><tr><td>Cookie<\/td><td>Scadenza&nbsp;&nbsp;<\/td><td>Primera parte\/tercera parte<\/td><td>Permanente\/&nbsp;Sesi\u00f3n<\/td><\/tr><tr><td>&nbsp;Facebook<\/td><td>&nbsp;n\/a<\/td><td>https:\/\/www.facebook.com\/help\/cookies<\/td><td>&nbsp;permanente<\/td><\/tr><tr><td>&nbsp;Google Analytics<\/td><td>&nbsp;n\/a<\/td><td>&nbsp;https:\/\/policies.google.com\/privacy?hl=en&amp;gl=ZZ<\/td><td>&nbsp;permanente<\/td><\/tr><tr><td>&nbsp;<\/td><td>&nbsp;<\/td><td>&nbsp;<\/td><td>&nbsp;<\/td><\/tr><\/tbody><\/table><\/figure><p><strong>Como modificar las impostaciones sobre los cookies<br><\/strong>La mayor parte de los browser acepta autom\u00e1ticamente los cookies, pero el usuario normalmente puede modificar las impostaciones para deshabilitar tal funci\u00f3n. Es posible bloquear todas las tipolog\u00edas de cookies, o aceptar de recibir solamente algunos de ellos y desactivar otros. La secci\u00f3n \u201cOpciones\u201d o \u201cpreferencias\u201d en el men\u00fa del browser de modo de evitar recibir cookies y otras tecnolog\u00edas de seguimiento usuario, y como obtener notificaci\u00f3n por el browser de la activaci\u00f3n de estas tecnolog\u00edas. En alternativa, es posible consultar la secci\u00f3n \u201cAyuda\u201d en la barra de herramientas presente en la mayor\u00eda de los browser. Tambi\u00e9n es posible seleccionar el browser que se est\u00e1 utilizando, en la lista aqu\u00ed abajo y seguir las instrucciones:<\/p><ul class=\"wp-block-list\"><li>Internet Explorer (<a href=\"https:\/\/support.microsoft.com\/it-it\/products\/windows?os=windows-10\">https:\/\/support.microsoft.com\/it-it\/products\/windows?os=windows-10<\/a>) ;<\/li>\n\n<li>Chrome (<a href=\"https:\/\/support.google.com\/chrome\/answer\/95647\">https:\/\/support.google.com\/chrome\/answer\/95647<\/a>) ;<\/li>\n\n<li>Safari (<a href=\"https:\/\/support.apple.com\/it-it\/HT201265\">https:\/\/support.apple.com\/it-it\/HT201265<\/a>) ;<\/li>\n\n<li>Firefox (<a href=\"https:\/\/support.mozilla.org\/it\/kb\/Attivare%252520e%252520disattivare%252520i%252520cookie\">https:\/\/support.mozilla.org\/it\/kb\/Attivare%20e%20disattivare%20i%20cookie<\/a>);<\/li>\n\n<li>Opera (<a href=\"https:\/\/www.opera.com\/help\/tutorials\/security\/\">https:\/\/www.opera.com\/help\/tutorials\/security\/<\/a>).<\/li><\/ul><p>Desde dispositivo m\u00f3vil:<\/p><ul class=\"wp-block-list\"><li>Android<\/li>\n\n<li>(<a href=\"https:\/\/support.google.com\/chrome\/answer\/95647?hl=it&amp;co=GENIE.Platform%25253DAndroid&amp;oco=1\">https:\/\/support.google.com\/chrome\/answer\/95647?hl=it&amp;co=GENIE.Platform%3DAndroid&amp;oco=1<\/a>);<\/li>\n\n<li>Safari (<a href=\"https:\/\/support.apple.com\/it-it\/HT201265\">https:\/\/support.apple.com\/it-it\/HT201265<\/a>);<\/li>\n\n<li>Windows Phone (<a href=\"https:\/\/support.microsoft.com\/it-it\/help\/11696\/windows-phone-7\">https:\/\/support.microsoft.com\/it-it\/help\/11696\/windows-phone-7<\/a>)<\/li><\/ul><p><strong>Titular del Tratamiento<\/strong><br>El Titular de Tratamiento es Gek S.r.l.,&nbsp;Via Frua, 24, 20146 Mil\u00e1n (MI), P.I.:&nbsp;IT07333890965<br>Tel\u00e9fono: 0286882477.&nbsp;e-mail:&nbsp;<a href=\"mailto:info@gek.it\">info@gek-group.com<\/a>.<br>La lista de los responsables y de los autorizados al tratamiento se puede consultar en la sede del titular antes mencionada<\/p><p><strong>Actualizaci\u00f3n de la presente informaci\u00f3n<br><\/strong>La presente Informaci\u00f3n puede subir variaciones. Eventuales modificaciones sustanciales ser\u00e1n transmitidas a los interesados a trav\u00e9s de aviso o publicaci\u00f3n en la p\u00e1gina web corporativa.<\/p>","protected":false},"excerpt":{"rendered":"<p>Estimado Usuario,Seg\u00fan el art. 13 Reglamento UE n. 2016\/679 (desde ahora, \u201cGDPR\u201d), Le informamos que el tratamiento de los datos que Usted proporcion\u00f3 ser\u00e1 efectuado con modalidades y procedimientos finalizados a garantizar que el tratamiento de los datos personales se desarrolle en el respeto de los derechos y de las libertades fundamentales, adem\u00e1s de la [&hellip;]<\/p>\n","protected":false},"author":1,"featured_media":0,"parent":0,"menu_order":0,"comment_status":"closed","ping_status":"open","template":"","meta":{"_uag_custom_page_level_css":"","footnotes":""},"class_list":["post-709","page","type-page","status-publish","hentry"],"blocksy_meta":{"styles_descriptor":{"styles":{"desktop":"","tablet":"","mobile":""},"google_fonts":[],"version":6}},"featured_image_urls":{"full":"","thumbnail":"","medium":"","medium_large":"","large":"","1536x1536":"","2048x2048":"","xs-thumb":"","woocommerce_archive_thumbnail":"","woocommerce_thumbnail":"","woocommerce_single":"","woocommerce_gallery_thumbnail":""},"post_excerpt_stackable":"<p>Estimado Usuario,Seg\u00fan el art. 13 Reglamento UE n. 2016\/679 (desde ahora, \u201cGDPR\u201d), Le informamos que el tratamiento de los datos que Usted proporcion\u00f3 ser\u00e1 efectuado con modalidades y procedimientos finalizados a garantizar que el tratamiento de los datos personales se desarrolle en el respeto de los derechos y de las libertades fundamentales, adem\u00e1s de la dignidad del interesado, con especial atenci\u00f3n a la privacidad y seguridad, a la identidad personal y al derecho a la protecci\u00f3n de datos personales. Recordamos que con el termino tratamiento se entiende cualquier operaci\u00f3n o conjunto de operaciones, cumplidas con o sin el auxilio de&hellip;<\/p>\n","category_list":"","author_info":{"name":"admin","url":"https:\/\/www.geklab.com\/es\/author\/admin\/"},"comments_num":"0 comments","yoast_head":"<!-- This site is optimized with the Yoast SEO plugin v21.7 - https:\/\/yoast.com\/wordpress\/plugins\/seo\/ -->\n<title>Cookie Policy ES - GEK Lab<\/title>\n<meta name=\"robots\" content=\"index, follow, max-snippet:-1, max-image-preview:large, max-video-preview:-1\" \/>\n<link rel=\"canonical\" href=\"https:\/\/www.geklab.com\/cookie-policy\/\" \/>\n<meta property=\"og:locale\" content=\"es_ES\" \/>\n<meta property=\"og:type\" content=\"article\" \/>\n<meta property=\"og:title\" content=\"Cookie Policy ES - GEK Lab\" \/>\n<meta property=\"og:description\" content=\"Estimado Usuario,Seg\u00fan el art. 13 Reglamento UE n. 2016\/679 (desde ahora, \u201cGDPR\u201d), Le informamos que el tratamiento de los datos que Usted proporcion\u00f3 ser\u00e1 efectuado con modalidades y procedimientos finalizados a garantizar que el tratamiento de los datos personales se desarrolle en el respeto de los derechos y de las libertades fundamentales, adem\u00e1s de la [&hellip;]\" \/>\n<meta property=\"og:url\" content=\"https:\/\/www.geklab.com\/cookie-policy\/\" \/>\n<meta property=\"og:site_name\" content=\"GEK Lab\" \/>\n<meta property=\"article:publisher\" content=\"https:\/\/www.facebook.com\/geklab.official\" \/>\n<meta property=\"article:modified_time\" content=\"2023-04-05T12:32:58+00:00\" \/>\n<meta property=\"og:image\" content=\"https:\/\/www.geklab.com\/wp-content\/uploads\/2022\/11\/logo-gek.png\" \/>\n\t<meta property=\"og:image:width\" content=\"563\" \/>\n\t<meta property=\"og:image:height\" content=\"140\" \/>\n\t<meta property=\"og:image:type\" content=\"image\/png\" \/>\n<meta name=\"twitter:card\" content=\"summary_large_image\" \/>\n<meta name=\"twitter:label1\" content=\"Est. reading time\" \/>\n\t<meta name=\"twitter:data1\" content=\"7 minutes\" \/>\n<script type=\"application\/ld+json\" class=\"yoast-schema-graph\">{\"@context\":\"https:\/\/schema.org\",\"@graph\":[{\"@type\":\"WebPage\",\"@id\":\"https:\/\/www.geklab.com\/cookie-policy\/\",\"url\":\"https:\/\/www.geklab.com\/cookie-policy\/\",\"name\":\"Cookie Policy ES - GEK Lab\",\"isPartOf\":{\"@id\":\"https:\/\/www.geklab.com\/#website\"},\"datePublished\":\"2020-04-10T10:57:08+00:00\",\"dateModified\":\"2023-04-05T12:32:58+00:00\",\"breadcrumb\":{\"@id\":\"https:\/\/www.geklab.com\/cookie-policy\/#breadcrumb\"},\"inLanguage\":\"es-ES\",\"potentialAction\":[{\"@type\":\"ReadAction\",\"target\":[\"https:\/\/www.geklab.com\/cookie-policy\/\"]}]},{\"@type\":\"BreadcrumbList\",\"@id\":\"https:\/\/www.geklab.com\/cookie-policy\/#breadcrumb\",\"itemListElement\":[{\"@type\":\"ListItem\",\"position\":1,\"name\":\"Home\",\"item\":\"https:\/\/www.geklab.com\/es\/\"},{\"@type\":\"ListItem\",\"position\":2,\"name\":\"Cookie Policy ES\"}]},{\"@type\":\"WebSite\",\"@id\":\"https:\/\/www.geklab.com\/#website\",\"url\":\"https:\/\/www.geklab.com\/\",\"name\":\"GEK Lab\",\"description\":\"Science of Nutrition\",\"publisher\":{\"@id\":\"https:\/\/www.geklab.com\/#organization\"},\"potentialAction\":[{\"@type\":\"SearchAction\",\"target\":{\"@type\":\"EntryPoint\",\"urlTemplate\":\"https:\/\/www.geklab.com\/?s={search_term_string}\"},\"query-input\":\"required name=search_term_string\"}],\"inLanguage\":\"es-ES\"},{\"@type\":\"Organization\",\"@id\":\"https:\/\/www.geklab.com\/#organization\",\"name\":\"GEK Lab\",\"url\":\"https:\/\/www.geklab.com\/\",\"logo\":{\"@type\":\"ImageObject\",\"inLanguage\":\"es-ES\",\"@id\":\"https:\/\/www.geklab.com\/#\/schema\/logo\/image\/\",\"url\":\"https:\/\/www.geklab.com\/wp-content\/uploads\/2025\/03\/gek-vertical.jpg\",\"contentUrl\":\"https:\/\/www.geklab.com\/wp-content\/uploads\/2025\/03\/gek-vertical.jpg\",\"width\":696,\"height\":696,\"caption\":\"GEK Lab\"},\"image\":{\"@id\":\"https:\/\/www.geklab.com\/#\/schema\/logo\/image\/\"},\"sameAs\":[\"https:\/\/www.facebook.com\/geklab.official\",\"https:\/\/www.instagram.com\/geklab.official\/\",\"https:\/\/www.linkedin.com\/company\/gek-srl\/\"]}]}<\/script>\n<!-- \/ Yoast SEO plugin. -->","yoast_head_json":{"title":"Cookie Policy ES - GEK Lab","robots":{"index":"index","follow":"follow","max-snippet":"max-snippet:-1","max-image-preview":"max-image-preview:large","max-video-preview":"max-video-preview:-1"},"canonical":"https:\/\/www.geklab.com\/cookie-policy\/","og_locale":"es_ES","og_type":"article","og_title":"Cookie Policy ES - GEK Lab","og_description":"Estimado Usuario,Seg\u00fan el art. 13 Reglamento UE n. 2016\/679 (desde ahora, \u201cGDPR\u201d), Le informamos que el tratamiento de los datos que Usted proporcion\u00f3 ser\u00e1 efectuado con modalidades y procedimientos finalizados a garantizar que el tratamiento de los datos personales se desarrolle en el respeto de los derechos y de las libertades fundamentales, adem\u00e1s de la [&hellip;]","og_url":"https:\/\/www.geklab.com\/cookie-policy\/","og_site_name":"GEK Lab","article_publisher":"https:\/\/www.facebook.com\/geklab.official","article_modified_time":"2023-04-05T12:32:58+00:00","og_image":[{"width":563,"height":140,"url":"https:\/\/www.geklab.com\/wp-content\/uploads\/2022\/11\/logo-gek.png","type":"image\/png"}],"twitter_card":"summary_large_image","twitter_misc":{"Est. reading time":"7 minutes"},"schema":{"@context":"https:\/\/schema.org","@graph":[{"@type":"WebPage","@id":"https:\/\/www.geklab.com\/cookie-policy\/","url":"https:\/\/www.geklab.com\/cookie-policy\/","name":"Cookie Policy ES - GEK Lab","isPartOf":{"@id":"https:\/\/www.geklab.com\/#website"},"datePublished":"2020-04-10T10:57:08+00:00","dateModified":"2023-04-05T12:32:58+00:00","breadcrumb":{"@id":"https:\/\/www.geklab.com\/cookie-policy\/#breadcrumb"},"inLanguage":"es-ES","potentialAction":[{"@type":"ReadAction","target":["https:\/\/www.geklab.com\/cookie-policy\/"]}]},{"@type":"BreadcrumbList","@id":"https:\/\/www.geklab.com\/cookie-policy\/#breadcrumb","itemListElement":[{"@type":"ListItem","position":1,"name":"Home","item":"https:\/\/www.geklab.com\/es\/"},{"@type":"ListItem","position":2,"name":"Cookie Policy ES"}]},{"@type":"WebSite","@id":"https:\/\/www.geklab.com\/#website","url":"https:\/\/www.geklab.com\/","name":"GEK Lab","description":"Science of Nutrition","publisher":{"@id":"https:\/\/www.geklab.com\/#organization"},"potentialAction":[{"@type":"SearchAction","target":{"@type":"EntryPoint","urlTemplate":"https:\/\/www.geklab.com\/?s={search_term_string}"},"query-input":"required name=search_term_string"}],"inLanguage":"es-ES"},{"@type":"Organization","@id":"https:\/\/www.geklab.com\/#organization","name":"GEK Lab","url":"https:\/\/www.geklab.com\/","logo":{"@type":"ImageObject","inLanguage":"es-ES","@id":"https:\/\/www.geklab.com\/#\/schema\/logo\/image\/","url":"https:\/\/www.geklab.com\/wp-content\/uploads\/2025\/03\/gek-vertical.jpg","contentUrl":"https:\/\/www.geklab.com\/wp-content\/uploads\/2025\/03\/gek-vertical.jpg","width":696,"height":696,"caption":"GEK Lab"},"image":{"@id":"https:\/\/www.geklab.com\/#\/schema\/logo\/image\/"},"sameAs":["https:\/\/www.facebook.com\/geklab.official","https:\/\/www.instagram.com\/geklab.official\/","https:\/\/www.linkedin.com\/company\/gek-srl\/"]}]}},"uagb_featured_image_src":{"full":false,"thumbnail":false,"medium":false,"medium_large":false,"large":false,"1536x1536":false,"2048x2048":false,"xs-thumb":false,"woocommerce_archive_thumbnail":false,"woocommerce_thumbnail":false,"woocommerce_single":false,"woocommerce_gallery_thumbnail":false},"uagb_author_info":{"display_name":"admin","author_link":"https:\/\/www.geklab.com\/es\/author\/admin\/"},"uagb_comment_info":0,"uagb_excerpt":"Estimado Usuario,Seg\u00fan el art. 13 Reglamento UE n. 2016\/679 (desde ahora, \u201cGDPR\u201d), Le informamos que el tratamiento de los datos que Usted proporcion\u00f3 ser\u00e1 efectuado con modalidades y procedimientos finalizados a garantizar que el tratamiento de los datos personales se desarrolle en el respeto de los derechos y de las libertades fundamentales, adem\u00e1s de la&hellip;","_links":{"self":[{"href":"https:\/\/www.geklab.com\/es\/wp-json\/wp\/v2\/pages\/709","targetHints":{"allow":["GET"]}}],"collection":[{"href":"https:\/\/www.geklab.com\/es\/wp-json\/wp\/v2\/pages"}],"about":[{"href":"https:\/\/www.geklab.com\/es\/wp-json\/wp\/v2\/types\/page"}],"author":[{"embeddable":true,"href":"https:\/\/www.geklab.com\/es\/wp-json\/wp\/v2\/users\/1"}],"replies":[{"embeddable":true,"href":"https:\/\/www.geklab.com\/es\/wp-json\/wp\/v2\/comments?post=709"}],"version-history":[{"count":1,"href":"https:\/\/www.geklab.com\/es\/wp-json\/wp\/v2\/pages\/709\/revisions"}],"predecessor-version":[{"id":9114,"href":"https:\/\/www.geklab.com\/es\/wp-json\/wp\/v2\/pages\/709\/revisions\/9114"}],"wp:attachment":[{"href":"https:\/\/www.geklab.com\/es\/wp-json\/wp\/v2\/media?parent=709"}],"curies":[{"name":"wp","href":"https:\/\/api.w.org\/{rel}","templated":true}]}}