{"id":12116,"date":"2020-04-10T15:32:13","date_gmt":"2020-04-10T14:32:13","guid":{"rendered":"https:\/\/www.geklab.com\/store-locator\/"},"modified":"2025-02-19T11:30:25","modified_gmt":"2025-02-19T10:30:25","slug":"store-locator","status":"publish","type":"page","link":"https:\/\/www.geklab.com\/es\/store-locator\/","title":{"rendered":"Store Locator"},"content":{"rendered":"<div class=\"wp-block-stackable-heading stk-block-heading stk-block-heading--v2 stk-block stk-ebe5928\" id=\"store-locator\" data-block-id=\"ebe5928\"><h2 class=\"stk-block-heading__text stk-block-heading--use-theme-margins\">Store Locator<\/h2><\/div><div id=\"gek-stores\"><\/div>\n<script id=\"gek-stores-script\" src=\"https:\/\/store-locator-312315.ew.r.appspot.com\/gek-store-locator.min.js\" data-lat=\"44.6826887\" data-lng=\"11.0278946,5\" data-zoom=\"5\" data-icon-marker=\"recaller\" data-locale=\"it\" data-country=\"it\" data-site=\"geklab_it\"><\/script><style>.kb-row-layout-id12116_f3ab33-04 > .kt-row-column-wrap{align-content:start;}:where(.kb-row-layout-id12116_f3ab33-04 > .kt-row-column-wrap) > .wp-block-kadence-column{justify-content:start;}.kb-row-layout-id12116_f3ab33-04 > .kt-row-column-wrap{column-gap:var(--global-kb-gap-md, 2rem);row-gap:var(--global-kb-gap-md, 2rem);padding-top:var(--global-kb-spacing-sm, 1.5rem);padding-bottom:var(--global-kb-spacing-sm, 1.5rem);grid-template-columns:minmax(0, 50%) minmax(0, 50%);}.kb-row-layout-id12116_f3ab33-04 > .kt-row-layout-overlay{opacity:0.30;}@media all and (max-width: 1024px){.kb-row-layout-id12116_f3ab33-04 > .kt-row-column-wrap{padding-bottom:0px;grid-template-columns:repeat(2, minmax(0, 1fr));}}@media all and (max-width: 767px){.kb-row-layout-id12116_f3ab33-04 > .kt-row-column-wrap{grid-template-columns:minmax(0, 1fr);}}<\/style><div class=\"kb-row-layout-wrap kb-row-layout-id12116_f3ab33-04 alignnone wp-block-kadence-rowlayout\"><div class=\"kt-row-column-wrap kt-has-2-columns kt-row-layout-equal kt-tab-layout-equal kt-mobile-layout-row kt-row-valign-top\">\n<style>.kadence-column12116_ace530-5a > .kt-inside-inner-col,.kadence-column12116_ace530-5a > .kt-inside-inner-col:before{border-top-left-radius:0px;border-top-right-radius:0px;border-bottom-right-radius:0px;border-bottom-left-radius:0px;}.kadence-column12116_ace530-5a > .kt-inside-inner-col:before{opacity:0.3;}.kadence-column12116_ace530-5a{position:relative;}<\/style>\n<div class=\"wp-block-kadence-column kadence-column12116_ace530-5a inner-column-1\"><div class=\"kt-inside-inner-col\"><div class=\"wp-block-stackable-image stk-block-image stk-block stk-4bc921e\" data-block-id=\"4bc921e\"><style>.stk-4bc921e .stk-img-wrapper img{border-radius:25px !important}<\/style><figure><div class=\"stk-img-wrapper stk-image--shape-stretch\"><img loading=\"lazy\" decoding=\"async\" class=\"stk-img wp-image-5630\" src=\"https:\/\/www.geklab.com\/wp-content\/uploads\/2022\/11\/foto_farmacisti-copia.jpg\" width=\"600\" height=\"384\" srcset=\"https:\/\/www.geklab.com\/wp-content\/uploads\/2022\/11\/foto_farmacisti-copia.jpg 600w, https:\/\/www.geklab.com\/wp-content\/uploads\/2022\/11\/foto_farmacisti-copia-300x192.jpg 300w\" sizes=\"auto, (max-width: 600px) 100vw, 600px\" \/><\/div><\/figure><\/div><\/div><\/div>\n\n<style>.kadence-column12116_fc1c5b-62 > .kt-inside-inner-col,.kadence-column12116_fc1c5b-62 > .kt-inside-inner-col:before{border-top-left-radius:0px;border-top-right-radius:0px;border-bottom-right-radius:0px;border-bottom-left-radius:0px;}.kadence-column12116_fc1c5b-62 > .kt-inside-inner-col:before{opacity:0.3;}.kadence-column12116_fc1c5b-62{position:relative;}<\/style>\n<div class=\"wp-block-kadence-column kadence-column12116_fc1c5b-62 inner-column-2\"><div class=\"kt-inside-inner-col\"><div class=\"wp-block-stackable-heading stk-block-heading stk-block-heading--v2 stk-block stk-7f728ee\" id=\"quieres-saber-cual-es-el-producto-mas-adecuada-para-tus-necesidades-o-no-encuentras-un-centro-cercano-a-ti\" data-block-id=\"7f728ee\"><style>.stk-7f728ee{margin-bottom:0px !important}@media screen and (max-width:1023px){.stk-7f728ee{margin-bottom:15px !important}}<\/style><h2 class=\"stk-block-heading__text\">\u00bfQuieres saber cu\u00e1l es el producto m\u00e1s adecuada para tus necesidades o no encuentras un centro cercano a ti?<\/h2><\/div>\n\n<div class=\"wp-block-stackable-text stk-block-text stk-block stk-c5ef333\" data-block-id=\"c5ef333\"><style>.stk-c5ef333{margin-bottom:15px !important}<\/style><p class=\"stk-block-text__text\">Entra en contacto con el servicio de atenci\u00f3n al cliente de GEK Lab, te ayudaremos a encontrar la mejor soluci\u00f3n para tus necesidades.<\/p><\/div>\n\n<div class=\"wp-block-stackable-button-group stk-block-button-group stk-block stk-25a0842\" data-block-id=\"25a0842\"><style>.stk-25a0842{margin-bottom:30px !important}@media screen and (max-width:1023px){.stk-25a0842{margin-bottom:40px !important}}<\/style><div class=\"stk-row stk-inner-blocks stk-block-content stk-button-group\"><div class=\"wp-block-stackable-button stk-block-button stk-block stk-386be88\" data-block-id=\"386be88\"><style>.stk-386be88 .stk-button{padding-top:7px !important;padding-right:17px !important;padding-bottom:7px !important;padding-left:17px !important;background:#00bb2d !important;border-top-left-radius:50px !important;border-top-right-radius:50px !important;border-bottom-right-radius:50px !important;border-bottom-left-radius:50px !important}.stk-386be88 .stk-button .stk--inner-svg svg:last-child{height:30px !important;width:30px !important}.stk-386be88 .stk-button__inner-text{font-size:18px !important;font-family:\"Open Sans\",Sans-serif !important}@media screen and (max-width:1023px){.stk-386be88 .stk-button{padding-top:7px !important;padding-right:21px !important;padding-bottom:7px !important;padding-left:21px !important}.stk-386be88 .stk-button__inner-text{font-size:18px !important}}<\/style><a class=\"stk-link stk-button stk--hover-effect-darken\" href=\"https:\/\/api.whatsapp.com\/send?phone=3783052030\" target=\"_blank\" rel=\"noreferrer noopener\"><span class=\"stk--svg-wrapper\"><div class=\"stk--inner-svg\"><svg aria-hidden=\"true\" focusable=\"false\" data-prefix=\"fab\" data-icon=\"whatsapp\" class=\"svg-inline--fa fa-whatsapp fa-w-14\" xmlns=\"http:\/\/www.w3.org\/2000\/svg\" viewBox=\"0 0 448 512\" width=\"32\" height=\"32\"><path fill=\"currentColor\" d=\"M380.9 97.1C339 55.1 283.2 32 223.9 32c-122.4 0-222 99.6-222 222 0 39.1 10.2 77.3 29.6 111L0 480l117.7-30.9c32.4 17.7 68.9 27 106.1 27h.1c122.3 0 224.1-99.6 224.1-222 0-59.3-25.2-115-67.1-157zm-157 341.6c-33.2 0-65.7-8.9-94-25.7l-6.7-4-69.8 18.3L72 359.2l-4.4-7c-18.5-29.4-28.2-63.3-28.2-98.2 0-101.7 82.8-184.5 184.6-184.5 49.3 0 95.6 19.2 130.4 54.1 34.8 34.9 56.2 81.2 56.1 130.5 0 101.8-84.9 184.6-186.6 184.6zm101.2-138.2c-5.5-2.8-32.8-16.2-37.9-18-5.1-1.9-8.8-2.8-12.5 2.8-3.7 5.6-14.3 18-17.6 21.8-3.2 3.7-6.5 4.2-12 1.4-32.6-16.3-54-29.1-75.5-66-5.7-9.8 5.7-9.1 16.3-30.3 1.8-3.7.9-6.9-.5-9.7-1.4-2.8-12.5-30.1-17.1-41.2-4.5-10.8-9.1-9.3-12.5-9.5-3.2-.2-6.9-.2-10.6-.2-3.7 0-9.7 1.4-14.8 6.9-5.1 5.6-19.4 19-19.4 46.3 0 27.3 19.9 53.7 22.6 57.4 2.8 3.7 39.1 59.7 94.8 83.8 35.2 15.2 49 16.5 66.6 13.9 10.7-1.6 32.8-13.4 37.4-26.4 4.6-13 4.6-24.1 3.2-26.4-1.3-2.5-5-3.9-10.5-6.6z\"><\/path><\/svg><\/div><\/span><span class=\"stk-button__inner-text\"><strong>Escr\u00edbenos por Whatsapp<\/strong><\/span><\/a><\/div><\/div><\/div>\n\n<div class=\"wp-block-group uag-hide-tab is-layout-constrained wp-block-group-is-layout-constrained\"><div class=\"wp-block-stackable-heading stk-block-heading stk-block-heading--v2 stk-block stk-d568fe4\" id=\"quieres-convertirte-en-un-centro-autorizado-gek-lab\" data-block-id=\"d568fe4\"><style>.stk-d568fe4{margin-bottom:0px !important}@media screen and (max-width:767px){.stk-d568fe4{margin-bottom:15px !important}}<\/style><h2 class=\"stk-block-heading__text\">\u00bfQuieres convertirte en un Centro Autorizado GEK Lab?<\/h2><\/div>\n\n<div class=\"wp-block-stackable-text stk-block-text stk-block stk-e320ad5\" data-block-id=\"e320ad5\"><style>.stk-e320ad5{margin-bottom:15px !important}<\/style><p class=\"stk-block-text__text\">GEK Lab te ofrece la oportunidad de <strong>ampliar tus servicios<\/strong>, garantizando a tus clientes acceso privilegiado a una amplia gama de informes m\u00e9dicos de laboratorio de vanguardia, centradas en la <strong>inflamaci\u00f3n<\/strong>, <strong>la alimentaci\u00f3n<\/strong>, <strong>los az\u00facares y los procesos de envejecimiento.<\/strong><\/p><\/div>\n\n<style>.wp-block-kadence-advancedbtn.kt-btns12116_6951b6-cb, .site .entry-content .wp-block-kadence-advancedbtn.kt-btns12116_6951b6-cb, .wp-block-kadence-advancedbtn.kb-btns12116_6951b6-cb, .site .entry-content .wp-block-kadence-advancedbtn.kb-btns12116_6951b6-cb{margin-top:0px;margin-right:0px;margin-bottom:0px;margin-left:0px;}.wp-block-kadence-advancedbtn.kb-btns12116_6951b6-cb{padding-top:0px;gap:var(--global-kb-gap-xs, 0.5rem );justify-content:flex-start;align-items:flex-start;}.kt-btns12116_6951b6-cb .kt-button{font-weight:normal;font-style:normal;}@media all and (max-width: 767px){.wp-block-kadence-advancedbtn.kb-btns12116_6951b6-cb{justify-content:flex-start;}}<\/style>\n<div class=\"wp-block-kadence-advancedbtn kb-buttons-wrap kb-btns12116_6951b6-cb\" id=\"store-locator\"><style>ul.menu .wp-block-kadence-advancedbtn .kb-btn12116_77e578-71.kb-button{width:initial;}.wp-block-kadence-advancedbtn .kb-btn12116_77e578-71.kb-button{color:#fefefe;background:#8ec044;font-style:normal;font-weight:normal;border-top-left-radius:50px;border-top-right-radius:50px;border-bottom-right-radius:50px;border-bottom-left-radius:50px;border-top:0px solid rgba(85, 85, 85, 0);border-right:0px solid rgba(85, 85, 85, 0);border-bottom:0px solid rgba(85, 85, 85, 0);border-left:0px solid rgba(85, 85, 85, 0);box-shadow:2px 2px 5px 0px rgba(0, 0, 0, 0.2);}.wp-block-kadence-advancedbtn .kb-btn12116_77e578-71.kb-button:hover{color:#ffffff;background:#088fa8;border-top-color:rgba(68, 68, 68, 0);border-top-style:solid;border-right-color:rgba(68, 68, 68, 0);border-right-style:solid;border-bottom-color:rgba(68, 68, 68, 0);border-bottom-style:solid;border-left-color:rgba(68, 68, 68, 0);border-left-style:solid;}@media all and (max-width: 1024px){.wp-block-kadence-advancedbtn .kb-btn12116_77e578-71.kb-button{border-top:0px solid rgba(85, 85, 85, 0);border-right:0px solid rgba(85, 85, 85, 0);border-bottom:0px solid rgba(85, 85, 85, 0);border-left:0px solid rgba(85, 85, 85, 0);}}@media all and (max-width: 1024px){.wp-block-kadence-advancedbtn .kb-btn12116_77e578-71.kb-button:hover{border-top-color:rgba(68, 68, 68, 0);border-top-style:solid;border-right-color:rgba(68, 68, 68, 0);border-right-style:solid;border-bottom-color:rgba(68, 68, 68, 0);border-bottom-style:solid;border-left-color:rgba(68, 68, 68, 0);border-left-style:solid;}}@media all and (max-width: 767px){.wp-block-kadence-advancedbtn .kb-btn12116_77e578-71.kb-button{border-top:0px solid rgba(85, 85, 85, 0);border-right:0px solid rgba(85, 85, 85, 0);border-bottom:0px solid rgba(85, 85, 85, 0);border-left:0px solid rgba(85, 85, 85, 0);}.wp-block-kadence-advancedbtn .kb-btn12116_77e578-71.kb-button:hover{border-top-color:rgba(68, 68, 68, 0);border-top-style:solid;border-right-color:rgba(68, 68, 68, 0);border-right-style:solid;border-bottom-color:rgba(68, 68, 68, 0);border-bottom-style:solid;border-left-color:rgba(68, 68, 68, 0);border-left-style:solid;}}<\/style><a class=\"kb-button kt-button button kb-btn12116_77e578-71 kt-btn-size-standard kt-btn-width-type-auto kb-btn-global-fill kt-btn-has-text-true kt-btn-has-svg-false wp-block-kadence-singlebtn\" href=\"https:\/\/www.geklab.com\/centro-autorizzato-gek-lab\/\"><span class=\"kt-btn-inner-text\">\u00a1Cont\u00e1ctanos!<\/span><\/a><\/div><\/div><\/div><\/div>\n<\/div><\/div><div class=\"wp-block-group alignwide uag-hide-desktop uag-hide-mob is-layout-constrained wp-block-group-is-layout-constrained\"><h5 class=\"wp-block-heading\" id=\"store-locator\">\u00bfQuieres convertirte en un Centro Autorizado GEK Lab?<\/h5>\n\n<div class=\"wp-block-stackable-text stk-block-text stk-block stk-d5c757b\" data-block-id=\"d5c757b\"><style>.stk-d5c757b{margin-bottom:15px !important}<\/style><p class=\"stk-block-text__text\">GEK Lab te ofrece la oportunidad de <strong>ampliar tus servicios<\/strong>, garantizando a tus clientes acceso privilegiado a una amplia gama de informes m\u00e9dicos de laboratorio de vanguardia, centradas en la <strong>inflamaci\u00f3n<\/strong>, <strong>la alimentaci\u00f3n<\/strong>, <strong>los az\u00facares y los procesos de envejecimiento.<\/strong><\/p><\/div>\n\n<style>.wp-block-kadence-advancedbtn.kt-btns12116_8c89b0-e8, .site .entry-content .wp-block-kadence-advancedbtn.kt-btns12116_8c89b0-e8, .wp-block-kadence-advancedbtn.kb-btns12116_8c89b0-e8, .site .entry-content .wp-block-kadence-advancedbtn.kb-btns12116_8c89b0-e8{margin-top:0px;margin-right:0px;margin-bottom:0px;margin-left:0px;}.wp-block-kadence-advancedbtn.kb-btns12116_8c89b0-e8{padding-top:0px;gap:var(--global-kb-gap-xs, 0.5rem );justify-content:flex-start;align-items:flex-start;}.kt-btns12116_8c89b0-e8 .kt-button{font-weight:normal;font-style:normal;}@media all and (max-width: 767px){.wp-block-kadence-advancedbtn.kb-btns12116_8c89b0-e8{justify-content:flex-start;}}<\/style>\n<div class=\"wp-block-kadence-advancedbtn kb-buttons-wrap kb-btns12116_8c89b0-e8\" id=\"store-locator\"><style>ul.menu .wp-block-kadence-advancedbtn .kb-btn12116_e9e1eb-fa.kb-button{width:initial;}.wp-block-kadence-advancedbtn .kb-btn12116_e9e1eb-fa.kb-button{color:#fefefe;background:#8ec044;font-style:normal;font-weight:normal;border-top-left-radius:50px;border-top-right-radius:50px;border-bottom-right-radius:50px;border-bottom-left-radius:50px;border-top:0px solid rgba(85, 85, 85, 0);border-right:0px solid rgba(85, 85, 85, 0);border-bottom:0px solid rgba(85, 85, 85, 0);border-left:0px solid rgba(85, 85, 85, 0);box-shadow:2px 2px 5px 0px rgba(0, 0, 0, 0.2);}.wp-block-kadence-advancedbtn .kb-btn12116_e9e1eb-fa.kb-button:hover{color:#ffffff;background:#088fa8;border-top-color:rgba(68, 68, 68, 0);border-top-style:solid;border-right-color:rgba(68, 68, 68, 0);border-right-style:solid;border-bottom-color:rgba(68, 68, 68, 0);border-bottom-style:solid;border-left-color:rgba(68, 68, 68, 0);border-left-style:solid;}@media all and (max-width: 1024px){.wp-block-kadence-advancedbtn .kb-btn12116_e9e1eb-fa.kb-button{border-top:0px solid rgba(85, 85, 85, 0);border-right:0px solid rgba(85, 85, 85, 0);border-bottom:0px solid rgba(85, 85, 85, 0);border-left:0px solid rgba(85, 85, 85, 0);}}@media all and (max-width: 1024px){.wp-block-kadence-advancedbtn .kb-btn12116_e9e1eb-fa.kb-button:hover{border-top-color:rgba(68, 68, 68, 0);border-top-style:solid;border-right-color:rgba(68, 68, 68, 0);border-right-style:solid;border-bottom-color:rgba(68, 68, 68, 0);border-bottom-style:solid;border-left-color:rgba(68, 68, 68, 0);border-left-style:solid;}}@media all and (max-width: 767px){.wp-block-kadence-advancedbtn .kb-btn12116_e9e1eb-fa.kb-button{border-top:0px solid rgba(85, 85, 85, 0);border-right:0px solid rgba(85, 85, 85, 0);border-bottom:0px solid rgba(85, 85, 85, 0);border-left:0px solid rgba(85, 85, 85, 0);}.wp-block-kadence-advancedbtn .kb-btn12116_e9e1eb-fa.kb-button:hover{border-top-color:rgba(68, 68, 68, 0);border-top-style:solid;border-right-color:rgba(68, 68, 68, 0);border-right-style:solid;border-bottom-color:rgba(68, 68, 68, 0);border-bottom-style:solid;border-left-color:rgba(68, 68, 68, 0);border-left-style:solid;}}<\/style><a class=\"kb-button kt-button button kb-btn12116_e9e1eb-fa kt-btn-size-standard kt-btn-width-type-auto kb-btn-global-fill kt-btn-has-text-true kt-btn-has-svg-false wp-block-kadence-singlebtn\" href=\"https:\/\/www.geklab.com\/centro-autorizzato-gek-lab\/\"><span class=\"kt-btn-inner-text\">\u00a1Cont\u00e1ctanos!<\/span><\/a><\/div><\/div>","protected":false},"excerpt":{"rendered":"<p>Store Locator \u00bfQuieres saber cu\u00e1l es el producto m\u00e1s adecuada para tus necesidades o no encuentras un centro cercano a ti? Entra en contacto con el servicio de atenci\u00f3n al cliente de GEK Lab, te ayudaremos a encontrar la mejor soluci\u00f3n para tus necesidades. Escr\u00edbenos por Whatsapp \u00bfQuieres convertirte en un Centro Autorizado GEK Lab? [&hellip;]<\/p>\n","protected":false},"author":3,"featured_media":0,"parent":0,"menu_order":0,"comment_status":"closed","ping_status":"closed","template":"","meta":{"_uag_custom_page_level_css":"","footnotes":""},"class_list":["post-12116","page","type-page","status-publish","hentry"],"blocksy_meta":{"styles_descriptor":{"styles":{"desktop":"","tablet":"","mobile":""},"google_fonts":[],"version":6}},"featured_image_urls":{"full":"","thumbnail":"","medium":"","medium_large":"","large":"","1536x1536":"","2048x2048":"","xs-thumb":"","woocommerce_archive_thumbnail":"","woocommerce_thumbnail":"","woocommerce_single":"","woocommerce_gallery_thumbnail":""},"post_excerpt_stackable":"<p>Store Locator \u00bfQuieres saber cu\u00e1l es el producto m\u00e1s adecuada para tus necesidades o no encuentras un centro cercano a ti? Entra en contacto con el servicio de atenci\u00f3n al cliente de GEK Lab, te ayudaremos a encontrar la mejor soluci\u00f3n para tus necesidades. Escr\u00edbenos por Whatsapp \u00bfQuieres convertirte en un Centro Autorizado GEK Lab? GEK Lab te ofrece la oportunidad de ampliar tus servicios, garantizando a tus clientes acceso privilegiado a una amplia gama de informes m\u00e9dicos de laboratorio de vanguardia, centradas en la inflamaci\u00f3n, la alimentaci\u00f3n, los az\u00facares y los procesos de envejecimiento. \u00a1Cont\u00e1ctanos! \u00bfQuieres convertirte en un&hellip;<\/p>\n","category_list":"","author_info":{"name":"Enrico Fiorentin","url":"https:\/\/www.geklab.com\/es\/author\/enrico\/"},"comments_num":"0 comments","yoast_head":"<!-- This site is optimized with the Yoast SEO plugin v21.7 - https:\/\/yoast.com\/wordpress\/plugins\/seo\/ -->\n<title>Store Locator - GEK Lab<\/title>\n<meta name=\"robots\" content=\"index, follow, max-snippet:-1, max-image-preview:large, max-video-preview:-1\" \/>\n<link rel=\"canonical\" href=\"https:\/\/www.geklab.com\/es\/store-locator\/\" \/>\n<meta property=\"og:locale\" content=\"es_ES\" \/>\n<meta property=\"og:type\" content=\"article\" \/>\n<meta property=\"og:title\" content=\"Store Locator - GEK Lab\" \/>\n<meta property=\"og:description\" content=\"Store Locator \u00bfQuieres saber cu\u00e1l es el producto m\u00e1s adecuada para tus necesidades o no encuentras un centro cercano a ti? Entra en contacto con el servicio de atenci\u00f3n al cliente de GEK Lab, te ayudaremos a encontrar la mejor soluci\u00f3n para tus necesidades. Escr\u00edbenos por Whatsapp \u00bfQuieres convertirte en un Centro Autorizado GEK Lab? [&hellip;]\" \/>\n<meta property=\"og:url\" content=\"https:\/\/www.geklab.com\/es\/store-locator\/\" \/>\n<meta property=\"og:site_name\" content=\"GEK Lab\" \/>\n<meta property=\"article:publisher\" content=\"https:\/\/www.facebook.com\/geklab.official\" \/>\n<meta property=\"article:modified_time\" content=\"2025-02-19T10:30:25+00:00\" \/>\n<meta property=\"og:image\" content=\"https:\/\/www.geklab.com\/wp-content\/uploads\/2022\/11\/foto_farmacisti-copia.jpg\" \/>\n<meta name=\"twitter:card\" content=\"summary_large_image\" \/>\n<meta name=\"twitter:label1\" content=\"Est. reading time\" \/>\n\t<meta name=\"twitter:data1\" content=\"1 minute\" \/>\n<script type=\"application\/ld+json\" class=\"yoast-schema-graph\">{\"@context\":\"https:\/\/schema.org\",\"@graph\":[{\"@type\":\"WebPage\",\"@id\":\"https:\/\/www.geklab.com\/es\/store-locator\/\",\"url\":\"https:\/\/www.geklab.com\/es\/store-locator\/\",\"name\":\"Store Locator - GEK Lab\",\"isPartOf\":{\"@id\":\"https:\/\/www.geklab.com\/#website\"},\"datePublished\":\"2020-04-10T14:32:13+00:00\",\"dateModified\":\"2025-02-19T10:30:25+00:00\",\"breadcrumb\":{\"@id\":\"https:\/\/www.geklab.com\/es\/store-locator\/#breadcrumb\"},\"inLanguage\":\"es-ES\",\"potentialAction\":[{\"@type\":\"ReadAction\",\"target\":[\"https:\/\/www.geklab.com\/es\/store-locator\/\"]}]},{\"@type\":\"BreadcrumbList\",\"@id\":\"https:\/\/www.geklab.com\/es\/store-locator\/#breadcrumb\",\"itemListElement\":[{\"@type\":\"ListItem\",\"position\":1,\"name\":\"Home\",\"item\":\"https:\/\/www.geklab.com\/es\/\"},{\"@type\":\"ListItem\",\"position\":2,\"name\":\"Store Locator\"}]},{\"@type\":\"WebSite\",\"@id\":\"https:\/\/www.geklab.com\/#website\",\"url\":\"https:\/\/www.geklab.com\/\",\"name\":\"GEK Lab\",\"description\":\"Science of Nutrition\",\"publisher\":{\"@id\":\"https:\/\/www.geklab.com\/#organization\"},\"potentialAction\":[{\"@type\":\"SearchAction\",\"target\":{\"@type\":\"EntryPoint\",\"urlTemplate\":\"https:\/\/www.geklab.com\/?s={search_term_string}\"},\"query-input\":\"required name=search_term_string\"}],\"inLanguage\":\"es-ES\"},{\"@type\":\"Organization\",\"@id\":\"https:\/\/www.geklab.com\/#organization\",\"name\":\"GEK Lab\",\"url\":\"https:\/\/www.geklab.com\/\",\"logo\":{\"@type\":\"ImageObject\",\"inLanguage\":\"es-ES\",\"@id\":\"https:\/\/www.geklab.com\/#\/schema\/logo\/image\/\",\"url\":\"https:\/\/www.geklab.com\/wp-content\/uploads\/2025\/03\/gek-vertical.jpg\",\"contentUrl\":\"https:\/\/www.geklab.com\/wp-content\/uploads\/2025\/03\/gek-vertical.jpg\",\"width\":696,\"height\":696,\"caption\":\"GEK Lab\"},\"image\":{\"@id\":\"https:\/\/www.geklab.com\/#\/schema\/logo\/image\/\"},\"sameAs\":[\"https:\/\/www.facebook.com\/geklab.official\",\"https:\/\/www.instagram.com\/geklab.official\/\",\"https:\/\/www.linkedin.com\/company\/gek-srl\/\"]}]}<\/script>\n<!-- \/ Yoast SEO plugin. -->","yoast_head_json":{"title":"Store Locator - GEK Lab","robots":{"index":"index","follow":"follow","max-snippet":"max-snippet:-1","max-image-preview":"max-image-preview:large","max-video-preview":"max-video-preview:-1"},"canonical":"https:\/\/www.geklab.com\/es\/store-locator\/","og_locale":"es_ES","og_type":"article","og_title":"Store Locator - GEK Lab","og_description":"Store Locator \u00bfQuieres saber cu\u00e1l es el producto m\u00e1s adecuada para tus necesidades o no encuentras un centro cercano a ti? Entra en contacto con el servicio de atenci\u00f3n al cliente de GEK Lab, te ayudaremos a encontrar la mejor soluci\u00f3n para tus necesidades. Escr\u00edbenos por Whatsapp \u00bfQuieres convertirte en un Centro Autorizado GEK Lab? [&hellip;]","og_url":"https:\/\/www.geklab.com\/es\/store-locator\/","og_site_name":"GEK Lab","article_publisher":"https:\/\/www.facebook.com\/geklab.official","article_modified_time":"2025-02-19T10:30:25+00:00","og_image":[{"url":"https:\/\/www.geklab.com\/wp-content\/uploads\/2022\/11\/foto_farmacisti-copia.jpg"}],"twitter_card":"summary_large_image","twitter_misc":{"Est. reading time":"1 minute"},"schema":{"@context":"https:\/\/schema.org","@graph":[{"@type":"WebPage","@id":"https:\/\/www.geklab.com\/es\/store-locator\/","url":"https:\/\/www.geklab.com\/es\/store-locator\/","name":"Store Locator - GEK Lab","isPartOf":{"@id":"https:\/\/www.geklab.com\/#website"},"datePublished":"2020-04-10T14:32:13+00:00","dateModified":"2025-02-19T10:30:25+00:00","breadcrumb":{"@id":"https:\/\/www.geklab.com\/es\/store-locator\/#breadcrumb"},"inLanguage":"es-ES","potentialAction":[{"@type":"ReadAction","target":["https:\/\/www.geklab.com\/es\/store-locator\/"]}]},{"@type":"BreadcrumbList","@id":"https:\/\/www.geklab.com\/es\/store-locator\/#breadcrumb","itemListElement":[{"@type":"ListItem","position":1,"name":"Home","item":"https:\/\/www.geklab.com\/es\/"},{"@type":"ListItem","position":2,"name":"Store Locator"}]},{"@type":"WebSite","@id":"https:\/\/www.geklab.com\/#website","url":"https:\/\/www.geklab.com\/","name":"GEK Lab","description":"Science of Nutrition","publisher":{"@id":"https:\/\/www.geklab.com\/#organization"},"potentialAction":[{"@type":"SearchAction","target":{"@type":"EntryPoint","urlTemplate":"https:\/\/www.geklab.com\/?s={search_term_string}"},"query-input":"required name=search_term_string"}],"inLanguage":"es-ES"},{"@type":"Organization","@id":"https:\/\/www.geklab.com\/#organization","name":"GEK Lab","url":"https:\/\/www.geklab.com\/","logo":{"@type":"ImageObject","inLanguage":"es-ES","@id":"https:\/\/www.geklab.com\/#\/schema\/logo\/image\/","url":"https:\/\/www.geklab.com\/wp-content\/uploads\/2025\/03\/gek-vertical.jpg","contentUrl":"https:\/\/www.geklab.com\/wp-content\/uploads\/2025\/03\/gek-vertical.jpg","width":696,"height":696,"caption":"GEK Lab"},"image":{"@id":"https:\/\/www.geklab.com\/#\/schema\/logo\/image\/"},"sameAs":["https:\/\/www.facebook.com\/geklab.official","https:\/\/www.instagram.com\/geklab.official\/","https:\/\/www.linkedin.com\/company\/gek-srl\/"]}]}},"uagb_featured_image_src":{"full":false,"thumbnail":false,"medium":false,"medium_large":false,"large":false,"1536x1536":false,"2048x2048":false,"xs-thumb":false,"woocommerce_archive_thumbnail":false,"woocommerce_thumbnail":false,"woocommerce_single":false,"woocommerce_gallery_thumbnail":false},"uagb_author_info":{"display_name":"Enrico Fiorentin","author_link":"https:\/\/www.geklab.com\/es\/author\/enrico\/"},"uagb_comment_info":0,"uagb_excerpt":"Store Locator \u00bfQuieres saber cu\u00e1l es el producto m\u00e1s adecuada para tus necesidades o no encuentras un centro cercano a ti? Entra en contacto con el servicio de atenci\u00f3n al cliente de GEK Lab, te ayudaremos a encontrar la mejor soluci\u00f3n para tus necesidades. Escr\u00edbenos por Whatsapp \u00bfQuieres convertirte en un Centro Autorizado GEK Lab?&hellip;","_links":{"self":[{"href":"https:\/\/www.geklab.com\/es\/wp-json\/wp\/v2\/pages\/12116","targetHints":{"allow":["GET"]}}],"collection":[{"href":"https:\/\/www.geklab.com\/es\/wp-json\/wp\/v2\/pages"}],"about":[{"href":"https:\/\/www.geklab.com\/es\/wp-json\/wp\/v2\/types\/page"}],"author":[{"embeddable":true,"href":"https:\/\/www.geklab.com\/es\/wp-json\/wp\/v2\/users\/3"}],"replies":[{"embeddable":true,"href":"https:\/\/www.geklab.com\/es\/wp-json\/wp\/v2\/comments?post=12116"}],"version-history":[{"count":3,"href":"https:\/\/www.geklab.com\/es\/wp-json\/wp\/v2\/pages\/12116\/revisions"}],"predecessor-version":[{"id":20578,"href":"https:\/\/www.geklab.com\/es\/wp-json\/wp\/v2\/pages\/12116\/revisions\/20578"}],"wp:attachment":[{"href":"https:\/\/www.geklab.com\/es\/wp-json\/wp\/v2\/media?parent=12116"}],"curies":[{"name":"wp","href":"https:\/\/api.w.org\/{rel}","templated":true}]}}